

{"id":2570,"date":"2025-04-28T13:16:35","date_gmt":"2025-04-28T11:16:35","guid":{"rendered":"https:\/\/thevikingmuseum.com\/?page_id=2570"},"modified":"2026-05-11T13:03:50","modified_gmt":"2026-05-11T11:03:50","slug":"willkommen-im-wikinger-museum","status":"publish","type":"page","link":"https:\/\/thevikingmuseum.com\/de\/willkommen-im-wikinger-museum\/","title":{"rendered":"Willkommen im The Viking Museum auf Djurg\u00e5rden in Stockholm"},"content":{"rendered":"\n<p>Entdecken Sie die Wikingerzeit auf neue Weise. Auf dem sch\u00f6nen Djurg\u00e5rden, im Herzen Stockholms, befindet sich The Viking Museum \u2013 ein Platz, wo Geschichte, Mythen und Arch\u00e4ologie in einer lebendigen und interaktiven Umgebung zusammenkommen.<\/p>\n\n\n\n<h2 class=\"wp-block-heading\">Ein Museum f\u00fcr alle Altersgruppen<\/h2>\n\n\n\n<p>Wer waren die Wikinger? Waren sie wirklich nur pl\u00fcndernde Krieger, wie es heutzutage so oft dargestellt wird?<br>&nbsp;Im The Viking Museum erhalten Sie einen vielf\u00e4ltigen historischen \u00dcberblick der Wikingerzeit. Hier begegnen Sie sowohl Geschichten von Frauen, Kindern und M\u00e4nnern, die ihr Leben auf H\u00f6fen in Skandinavien lebten als auch von mutigen Seefahrern, die auf Handelsreisen und Raubz\u00fcgen in Europa unterwegs waren.<\/p>\n\n\n\n<p>Unsere interaktive Ausstellung umfasst arch\u00e4ologische Funde, historisch rekonstruierte Pl\u00e4tze und vertiefende Begebenheiten, die ein spannendes Museumserlebnis f\u00fcr Kinder und Erwachsene bieten. Unsere Guides tragen Wikingerkleidung und beantworten gerne vorort Fragen. Durch pers\u00f6nliche Erz\u00e4hlungen werden Geschichten lebendig.<\/p>\n\n\n\n<h2 class=\"wp-block-heading\">Audioguide in 10 Sprachen<\/h2>\n\n\n\n<p>Erkunden Sie die Ausstellung in Ihrem eigenen Tempo mit unserem kostenlosen Audioguide, der in zehn Sprachen direkt auf Ihrem Smartphone auch auf Deutsch verf\u00fcgbar ist. Sie ben\u00f6tigen lediglich ein Handy und eigene Kopfh\u00f6rer; gratis WLAN ist vorhanden.<\/p>\n\n\n\n<h2 class=\"wp-block-heading\">Ragnfrids Saga<\/h2>\n\n\n\n<p>Eine der beliebtesten Attraktionen des Museums ist die dramatisierte Fahrt Ragnfrids Saga. Reisen Sie durch das Europa des 10. Jahrhunderts und folgen Sie Harald auf seiner Reise in die weite Welt, in der Handel und Raubz\u00fcge auf ihn warten. Es ist eine Geschichte \u00fcber Familie, Mut, Trauer und Liebe \u2013 inspiriert von historischen Ereignissen.<\/p>\n\n\n\n<h2 class=\"wp-block-heading\">Entdecken Sie Alltag, Reisen und Mythologie der Wikingerzeit<\/h2>\n\n\n\n<p>Tauchen Sie ein in die Welt der Wikinger. Durch Filme, Kl\u00e4nge, authentische Objekte und rekonstruiertes Umfeld wird eine der faszinierendsten Epochen Skandinaviens lebendig.<br>&nbsp;Sie entdecken:<br>&nbsp;\u2013 Reisen und Handel entlang der Fl\u00fcsse und K\u00fcsten Europas<br>&nbsp;\u2013 Soziale Strukturen und Familienleben<br>&nbsp;\u2013 Handwerk und Traditionen<br>&nbsp;\u2013 Glaubensvorstellungen, Mythologie und Weltbild<\/p>\n\n\n\n<h2 class=\"wp-block-heading\">Willkommen im Museumsshop<\/h2>\n\n\n\n<p>Unser Shop ist eine wahre Schatzkammer. Hier finden Sie sowohl skandinavisches Kunsthandwerk und Accessoires als auch einzigartige Souvenirs und Geschenke. Wir haben eine gro\u00dfe Auswahl an wikingerinspirierten Produkten \u2013 von Tee, Marmelade und isl\u00e4ndischer Lakritze bis hin zu Schmuck, Trinkh\u00f6rnern und historisch korrekten Wikingerhelmen. Nat\u00fcrlich f\u00fchren wir auch B\u00fccher f\u00fcr Kinder und Erwachsene zu verschiedenen Themen der Wikingerzeit.<\/p>\n\n\n\n<h2 class=\"wp-block-heading\">Restaurant Eld \u2013 ein nordisches Geschmackserlebnis<\/h2>\n\n\n\n<p>Willkommen im Restaurant Eld, wo regionale Zutaten und Jahreszeit das Men\u00fc bestimmen. Genie\u00dfen Sie Gerichte, die in unserer K\u00fcche von Grund auf mit lokalen und nordischen Zutaten zubereitet werden.<br>Unsere Speisekarte richtet sich nach der Verf\u00fcgbarkeit saisonaler Zutaten unter Ber\u00fccksichtigung von Nachhaltigkeit. Die enge Zusammenarbeit mit regionalen Lieferanten bestimmen Qualit\u00e4t und Geschmack der Gerichte. Eine Mahlzeit soll s\u00e4ttigen, verf\u00fchren und ihre ganz eigene Geschichte erz\u00e4hlen.<\/p>\n\n\n\n<h2 class=\"wp-block-heading\">Planen Sie Ihren Besuch<\/h2>\n\n\n\n<p>Internationale und schwedische Besucher, Familien und Schulklassen haben die M\u00f6glichkeit, im The Viking Museum die Wikingerzeit auf moderne und fesselnde Weise zu erleben.<\/p>\n\n\n\n<p>Planen Sie Ihren Besuch und erleben Sie die Kombination zeithistorischer Korrektheit mit zeitgen\u00f6ssischem Storytelling &#8211; im Herzen Stockholms!<\/p>\n\n\n\n<div class=\"wp-block-buttons is-layout-flex wp-block-buttons-is-layout-flex\">\n<div class=\"wp-block-button\"><a class=\"wp-block-button__link wp-element-button\" href=\"https:\/\/thevikingmuseum.com\/en\/buy-tickets\/\" target=\"_blank\" rel=\"noreferrer noopener\">Tickets kaufen<\/a><\/div>\n<\/div>\n\n\n\n<div style=\"height:25px\" aria-hidden=\"true\" class=\"wp-block-spacer\"><\/div>\n\n\n\n<p><a href=\"https:\/\/thevikingmuseum.com\/en\/\" data-type=\"link\" data-id=\"https:\/\/thevikingmuseum.com\/en\/\" target=\"_blank\" rel=\"noreferrer noopener\">For further information please visit the English version of our website<\/a><\/p>\n\n\n\n<p><\/p>\n","protected":false},"excerpt":{"rendered":"<p>Entdecken Sie die Wikingerzeit auf neue Weise. Auf dem sch\u00f6nen Djurg\u00e5rden, im Herzen Stockholms, befindet sich The Viking Museum \u2013 ein Platz, wo Geschichte, Mythen und Arch\u00e4ologie in einer lebendigen und interaktiven Umgebung zusammenkommen. Ein Museum f\u00fcr alle Altersgruppen Wer waren die Wikinger? Waren sie wirklich nur pl\u00fcndernde Krieger, wie es heutzutage so oft dargestellt [&hellip;]<\/p>\n","protected":false},"author":2,"featured_media":2573,"parent":0,"menu_order":0,"comment_status":"closed","ping_status":"closed","template":"sub-page.php","meta":{"_acf_changed":false,"footnotes":""},"class_list":["post-2570","page","type-page","status-publish","has-post-thumbnail","hentry"],"acf":[],"_links":{"self":[{"href":"https:\/\/thevikingmuseum.com\/de\/wp-json\/wp\/v2\/pages\/2570","targetHints":{"allow":["GET"]}}],"collection":[{"href":"https:\/\/thevikingmuseum.com\/de\/wp-json\/wp\/v2\/pages"}],"about":[{"href":"https:\/\/thevikingmuseum.com\/de\/wp-json\/wp\/v2\/types\/page"}],"author":[{"embeddable":true,"href":"https:\/\/thevikingmuseum.com\/de\/wp-json\/wp\/v2\/users\/2"}],"replies":[{"embeddable":true,"href":"https:\/\/thevikingmuseum.com\/de\/wp-json\/wp\/v2\/comments?post=2570"}],"version-history":[{"count":7,"href":"https:\/\/thevikingmuseum.com\/de\/wp-json\/wp\/v2\/pages\/2570\/revisions"}],"predecessor-version":[{"id":6469,"href":"https:\/\/thevikingmuseum.com\/de\/wp-json\/wp\/v2\/pages\/2570\/revisions\/6469"}],"wp:featuredmedia":[{"embeddable":true,"href":"https:\/\/thevikingmuseum.com\/de\/wp-json\/wp\/v2\/media\/2573"}],"wp:attachment":[{"href":"https:\/\/thevikingmuseum.com\/de\/wp-json\/wp\/v2\/media?parent=2570"}],"curies":[{"name":"wp","href":"https:\/\/api.w.org\/{rel}","templated":true}]}}