

{"id":1061,"date":"2024-04-03T12:44:32","date_gmt":"2024-04-03T10:44:32","guid":{"rendered":"https:\/\/thevikingmuseum.com\/find-us\/"},"modified":"2024-04-23T09:29:22","modified_gmt":"2024-04-23T07:29:22","slug":"find-us","status":"publish","type":"page","link":"https:\/\/thevikingmuseum.com\/en\/find-us\/","title":{"rendered":"Find us"},"content":{"rendered":"\t\t<div class=\"my-4 overflow-hidden rounded-md\"><iframe class=\"google_maps\" src=\"https:\/\/www.google.com\/maps\/embed?pb=!1m18!1m12!1m3!1d2035.3805979108465!2d18.092565277171964!3d59.32659937461294!2m3!1f0!2f0!3f0!3m2!1i1024!2i768!4f13.1!3m3!1m2!1s0x465f9d44a4dedd9d%3A0x894d02084306e0a3!2sThe%20Viking%20Museum!5e0!3m2!1sen!2sse!4v1711443923186!5m2!1sen!2sse\" width=\"600\" height=\"450\" style=\"border:0;\" allowfullscreen=\"\" loading=\"lazy\" referrerpolicy=\"no-referrer-when-downgrade\"><\/iframe><\/div>\n\t\n<div class=\"wp-block-columns is-layout-flex wp-container-core-columns-is-layout-2 wp-block-columns-is-layout-flex\">\n<div class=\"wp-block-column is-layout-flow wp-block-column-is-layout-flow\">\n<h2 class=\"wp-block-heading\">Tram No. 7<\/h2>\n\n\n\n<p>Departs from T-Centralen. Get off at Liljevalchs\/Gr\u00f6na Lund and walk towards the Wasa Harbor. <\/p>\n<\/div>\n\n\n\n<div class=\"wp-block-column is-layout-flow wp-block-column-is-layout-flow\">\n<h2 class=\"wp-block-heading\">Bus 67<\/h2>\n\n\n\n<p>Departs from Odenplan. Get off at Liljevalchs\/Gr\u00f6na Lund and walk towards the Wasa Harbor. <\/p>\n<\/div>\n\n\n\n<div class=\"wp-block-column is-layout-flow wp-block-column-is-layout-flow\">\n<h2 class=\"wp-block-heading\">Subway<\/h2>\n\n\n\n<p>Take the Red Line towards Ropsten and get off at Karlaplan. From here you can take Bus 67 or walk for about 15 minutes.  <\/p>\n\n\n\n<div class=\"wp-block-columns is-layout-flex wp-container-core-columns-is-layout-1 wp-block-columns-is-layout-flex\">\n<div class=\"wp-block-column is-layout-flow wp-block-column-is-layout-flow\"><\/div>\n\n\n\n<div class=\"wp-block-column is-layout-flow wp-block-column-is-layout-flow\"><\/div>\n\n\n\n<div class=\"wp-block-column is-layout-flow wp-block-column-is-layout-flow\"><\/div>\n<\/div>\n<\/div>\n<\/div>\n\n<div class=\"wp-block-columns is-layout-flex wp-container-core-columns-is-layout-3 wp-block-columns-is-layout-flex\">\n<div class=\"wp-block-column is-layout-flow wp-block-column-is-layout-flow\">\n<h2 class=\"wp-block-heading\">Djurg\u00e5rden ferry<\/h2>\n\n\n\n<p>Departs from Slussen. Get off at Allm\u00e4nna Gr\u00e4nd and walk towards the Wasa harbor. <\/p>\n<\/div>\n\n\n\n<div class=\"wp-block-column is-layout-flow wp-block-column-is-layout-flow\">\n<h2 class=\"wp-block-heading\">M\/S Emelie<\/h2>\n\n\n\n<p>Departs from Nybroplan and Hammarby Sj\u00f6stad. Get off at Allm\u00e4nna Gr\u00e4nd and walk towards the Wasa harbor. <\/p>\n<\/div>\n\n\n\n<div class=\"wp-block-column is-layout-flow wp-block-column-is-layout-flow\">\n<h2 class=\"wp-block-heading\">Car<\/h2>\n\n\n\n<p>Unfortunately, The Viking Museum has no parking spaces. Djurg\u00e5rden only offers a few parking spaces. Instead, we recommend going by bus\/ferrey\/tram or walking to The Viking Museum.  <\/p>\n<\/div>\n<\/div>\n","protected":false},"excerpt":{"rendered":"<p>Tram No. 7 Departs from T-Centralen. Get off at Liljevalchs\/Gr\u00f6na Lund and walk towards the Wasa Harbor. Bus 67 Departs from Odenplan. Get off at Liljevalchs\/Gr\u00f6na Lund and walk towards the Wasa Harbor. Subway Take the Red Line towards Ropsten and get off at Karlaplan. From here you can take Bus 67 or walk for [&hellip;]<\/p>\n","protected":false},"author":1,"featured_media":2543,"parent":0,"menu_order":0,"comment_status":"closed","ping_status":"closed","template":"sub-page.php","meta":{"_acf_changed":false,"footnotes":""},"class_list":["post-1061","page","type-page","status-publish","has-post-thumbnail","hentry"],"acf":[],"_links":{"self":[{"href":"https:\/\/thevikingmuseum.com\/en\/wp-json\/wp\/v2\/pages\/1061","targetHints":{"allow":["GET"]}}],"collection":[{"href":"https:\/\/thevikingmuseum.com\/en\/wp-json\/wp\/v2\/pages"}],"about":[{"href":"https:\/\/thevikingmuseum.com\/en\/wp-json\/wp\/v2\/types\/page"}],"author":[{"embeddable":true,"href":"https:\/\/thevikingmuseum.com\/en\/wp-json\/wp\/v2\/users\/1"}],"replies":[{"embeddable":true,"href":"https:\/\/thevikingmuseum.com\/en\/wp-json\/wp\/v2\/comments?post=1061"}],"version-history":[{"count":1,"href":"https:\/\/thevikingmuseum.com\/en\/wp-json\/wp\/v2\/pages\/1061\/revisions"}],"predecessor-version":[{"id":1062,"href":"https:\/\/thevikingmuseum.com\/en\/wp-json\/wp\/v2\/pages\/1061\/revisions\/1062"}],"wp:featuredmedia":[{"embeddable":true,"href":"https:\/\/thevikingmuseum.com\/en\/wp-json\/wp\/v2\/media\/2543"}],"wp:attachment":[{"href":"https:\/\/thevikingmuseum.com\/en\/wp-json\/wp\/v2\/media?parent=1061"}],"curies":[{"name":"wp","href":"https:\/\/api.w.org\/{rel}","templated":true}]}}