

{"id":1063,"date":"2024-04-03T11:33:43","date_gmt":"2024-04-03T09:33:43","guid":{"rendered":"https:\/\/thevikingmuseum.com\/start\/"},"modified":"2026-02-27T12:08:57","modified_gmt":"2026-02-27T11:08:57","slug":"start","status":"publish","type":"page","link":"https:\/\/thevikingmuseum.com\/en\/","title":{"rendered":"Welcome to The Viking Museum on Djurg\u00e5rden in Stockholm"},"content":{"rendered":"\n<div class=\"wp-block-group is-layout-constrained wp-block-group-is-layout-constrained\"><h1 class=\"wp-block-post-title\">Welcome to The Viking Museum on Djurg\u00e5rden in Stockholm<\/h1>\n\n\n<p class=\"has-text-align-left\" style=\"font-size:20px\">Discover the Viking Age in new ways. On beautiful Djurg\u00e5rden, in the heart of Stockholm, you will find The Viking Museum \u2013 an experiential museum where history, myth and archaeology come together in a vivid and interactive environment. <\/p>\n\n\n\n<h2 class=\"wp-block-heading\">A Viking museum for all ages<\/h2>\n\n\n\n<p>Who were the Vikings, really? Were they only plundering warriors, as popular culture so often portrays them? <\/p>\n\n\n\n<p>At The Viking Museum, you will gain a nuanced and historically grounded understanding of the Viking Age. Here, you will encounter stories of the women, children and men who lived their lives on farms in Scandinavia \u2013 as well as the bold seafarers who travelled across Europe for trade and raids. <\/p>\n\n\n\n<p>Our interactive exhibition features archaeological artefacts, historically reconstructed environments and in-depth stations that offer an engaging museum experience for both children and adults. Our guides, dressed in Viking-era clothing, are on site to answer questions and bring history to life through personal storytelling. <\/p>\n\n\n\n<h2 class=\"wp-block-heading\">Experience the ride Ragnfrid\u2019s Saga<\/h2>\n\n\n\n<p>One of the museum\u2019s most appreciated experiences is the dramatized ride Ragnfrid\u2019s Saga. Travel through 10th-century Europe and follow Harald on his journey into the wider world, where trade and raids await. It is a story of family, courage, sorrow and love \u2013 inspired by historical events.  <\/p>\n\n\n\n<h2 class=\"wp-block-heading\">Discover Viking Age daily life, journeys and mythology<\/h2>\n\n\n\n<p>Step directly into the world of the Vikings. Through films, immersive soundscapes, authentic objects and scenographically reconstructed environments, one of Scandinavia\u2019s most fascinating eras is brought back to life. <\/p>\n\n\n\n<p>You will explore the Viking Age Scandinavians\u2019:<\/p>\n\n\n\n<ul class=\"wp-block-list\">\n<li>&#8211; Journeys and trade along Europe\u2019s rivers and coastlines<\/li>\n\n\n\n<li>&#8211; Social structure and family life<\/li>\n\n\n\n<li>&#8211; Craftsmanship and tradition<\/li>\n\n\n\n<li>&#8211; Beliefs, mythology and worldview<\/li>\n<\/ul>\n\n\n\n<p>The Viking Museum is a must-visit destination on Djurg\u00e5rden for international tourists, families with children, school groups and Stockholm residents who want to experience the Viking Age in a modern and engaging way.<\/p>\n\n\n\n<p><a href=\"https:\/\/thevikingmuseum.com\/en\/visit-us\/\">Plan your visit<\/a> and take part in an experience where historical authenticity meets contemporary storytelling \u2013 in the heart of Stockholm.<\/p>\n<\/div>\n\n\n\n<div class=\"wp-block-group latest-news is-layout-constrained wp-block-group-is-layout-constrained\">\n<h2 class=\"wp-block-heading\">What&#8217;s on<\/h2>\n\n\n<ul class=\"wp-block-latest-posts__list is-grid columns-4 wp-block-latest-posts\"><li><div class=\"wp-block-latest-posts__featured-image\"><img loading=\"lazy\" decoding=\"async\" width=\"600\" height=\"600\" src=\"https:\/\/thevikingmuseum.com\/wp-content\/uploads\/2026\/03\/StarkeViking_1080x1080px-1-600x600.jpg\" class=\"attachment-medium size-medium wp-post-image\" alt=\"\" style=\"\" srcset=\"https:\/\/thevikingmuseum.com\/wp-content\/uploads\/2026\/03\/StarkeViking_1080x1080px-1-600x600.jpg 600w, https:\/\/thevikingmuseum.com\/wp-content\/uploads\/2026\/03\/StarkeViking_1080x1080px-1-2048x2048.jpg 2048w, https:\/\/thevikingmuseum.com\/wp-content\/uploads\/2026\/03\/StarkeViking_1080x1080px-1-300x300.jpg 300w, https:\/\/thevikingmuseum.com\/wp-content\/uploads\/2026\/03\/StarkeViking_1080x1080px-1-768x768.jpg 768w, https:\/\/thevikingmuseum.com\/wp-content\/uploads\/2026\/03\/StarkeViking_1080x1080px-1-1536x1536.jpg 1536w\" sizes=\"auto, (max-width: 600px) 100vw, 600px\" \/><\/div><a class=\"wp-block-latest-posts__post-title\" href=\"https:\/\/thevikingmuseum.com\/en\/2026\/03\/26\/viking-weekend\/\">Viking Weekend<\/a><div class=\"wp-block-latest-posts__post-excerpt\">8\/5\/26-9\/5\/26 In connection with International Viking Day, The Viking Museum and Vrak \u2013 Museum of Wrecks invite you to two days of Viking-inspired experiences in\u2026 <a class=\"wp-block-latest-posts__read-more\" href=\"https:\/\/thevikingmuseum.com\/en\/2026\/03\/26\/viking-weekend\/\" rel=\"noopener noreferrer\">Read more<span class=\"screen-reader-text\">: Viking Weekend<\/span><\/a><\/div><\/li>\n<li><div class=\"wp-block-latest-posts__featured-image\"><img loading=\"lazy\" decoding=\"async\" width=\"450\" height=\"600\" src=\"https:\/\/thevikingmuseum.com\/wp-content\/uploads\/2026\/03\/Besok-oss-3.4-450x600.png\" class=\"attachment-medium size-medium wp-post-image\" alt=\"\" style=\"\" srcset=\"https:\/\/thevikingmuseum.com\/wp-content\/uploads\/2026\/03\/Besok-oss-3.4-450x600.png 450w, https:\/\/thevikingmuseum.com\/wp-content\/uploads\/2026\/03\/Besok-oss-3.4-1536x2048.png 1536w, https:\/\/thevikingmuseum.com\/wp-content\/uploads\/2026\/03\/Besok-oss-3.4-768x1024.png 768w, https:\/\/thevikingmuseum.com\/wp-content\/uploads\/2026\/03\/Besok-oss-3.4-1152x1536.png 1152w\" sizes=\"auto, (max-width: 450px) 100vw, 450px\" \/><\/div><a class=\"wp-block-latest-posts__post-title\" href=\"https:\/\/thevikingmuseum.com\/en\/2026\/03\/19\/culture-night-stockholm-2\/\">Culture Night Stockholm<\/a><div class=\"wp-block-latest-posts__post-excerpt\">18\/4\/26 The Viking Museum is part of Stockholm Culture Night 2026! Experience the exhibition and meet the museum\u2019s Vikings, who share anecdotes and deeper insights\u2026 <a class=\"wp-block-latest-posts__read-more\" href=\"https:\/\/thevikingmuseum.com\/en\/2026\/03\/19\/culture-night-stockholm-2\/\" rel=\"noopener noreferrer\">Read more<span class=\"screen-reader-text\">: Culture Night Stockholm<\/span><\/a><\/div><\/li>\n<li><div class=\"wp-block-latest-posts__featured-image\"><img loading=\"lazy\" decoding=\"async\" width=\"442\" height=\"600\" src=\"https:\/\/thevikingmuseum.com\/wp-content\/uploads\/2025\/04\/IMG_6675-442x600.jpg\" class=\"attachment-medium size-medium wp-post-image\" alt=\"\" style=\"\" srcset=\"https:\/\/thevikingmuseum.com\/wp-content\/uploads\/2025\/04\/IMG_6675-442x600.jpg 442w, https:\/\/thevikingmuseum.com\/wp-content\/uploads\/2025\/04\/IMG_6675-1509x2048.jpg 1509w, https:\/\/thevikingmuseum.com\/wp-content\/uploads\/2025\/04\/IMG_6675-768x1042.jpg 768w, https:\/\/thevikingmuseum.com\/wp-content\/uploads\/2025\/04\/IMG_6675-1132x1536.jpg 1132w, https:\/\/thevikingmuseum.com\/wp-content\/uploads\/2025\/04\/IMG_6675-scaled.jpg 1886w\" sizes=\"auto, (max-width: 442px) 100vw, 442px\" \/><\/div><a class=\"wp-block-latest-posts__post-title\" href=\"https:\/\/thevikingmuseum.com\/en\/2026\/03\/19\/easter-lunch-at-restaurant-eld-2\/\">Easter Lunch at Restaurant Eld<\/a><div class=\"wp-block-latest-posts__post-excerpt\">30\/3\/26-12\/4\/26 Celebrate Easter with us! Restaurang Eld offers a three-course Easter menu from March 30 to April 12. The menu is available during daytime only.<\/div><\/li>\n<li><div class=\"wp-block-latest-posts__featured-image\"><img loading=\"lazy\" decoding=\"async\" width=\"600\" height=\"400\" src=\"https:\/\/thevikingmuseum.com\/wp-content\/uploads\/2026\/03\/TVM-foto-Cheyenne-Olander-35-600x400.jpg\" class=\"attachment-medium size-medium wp-post-image\" alt=\"\" style=\"\" srcset=\"https:\/\/thevikingmuseum.com\/wp-content\/uploads\/2026\/03\/TVM-foto-Cheyenne-Olander-35-600x400.jpg 600w, https:\/\/thevikingmuseum.com\/wp-content\/uploads\/2026\/03\/TVM-foto-Cheyenne-Olander-35-2048x1365.jpg 2048w, https:\/\/thevikingmuseum.com\/wp-content\/uploads\/2026\/03\/TVM-foto-Cheyenne-Olander-35-768x512.jpg 768w, https:\/\/thevikingmuseum.com\/wp-content\/uploads\/2026\/03\/TVM-foto-Cheyenne-Olander-35-1536x1024.jpg 1536w\" sizes=\"auto, (max-width: 600px) 100vw, 600px\" \/><\/div><a class=\"wp-block-latest-posts__post-title\" href=\"https:\/\/thevikingmuseum.com\/en\/2026\/03\/11\/easter-break-life-on-the-farm\/\">Easter Break: Life on the Farm<\/a><div class=\"wp-block-latest-posts__post-excerpt\">30\/3\/26-12\/4\/26 Spring is here! Meet our Viking Age farmers during the Easter holiday and discover what crops and herbs they grew. Try grinding flour, taste\u2026 <a class=\"wp-block-latest-posts__read-more\" href=\"https:\/\/thevikingmuseum.com\/en\/2026\/03\/11\/easter-break-life-on-the-farm\/\" rel=\"noopener noreferrer\">Read more<span class=\"screen-reader-text\">: Easter Break: Life on the Farm<\/span><\/a><\/div><\/li>\n<\/ul>\n\n\n<div class=\"wp-block-buttons is-layout-flex wp-block-buttons-is-layout-flex\">\n<div class=\"wp-block-button\"><a class=\"wp-block-button__link wp-element-button\" href=\"https:\/\/thevikingmuseum.com\/en\/whats-on\/\">More activities<\/a><\/div>\n<\/div>\n<\/div>\n\n\n\n<div class=\"wp-block-media-text alignwide has-media-on-the-right is-stacked-on-mobile is-vertically-aligned-center is-image-fill-element\" style=\"grid-template-columns:auto 70%\"><div class=\"wp-block-media-text__content\">\n<h2 class=\"wp-block-heading\">Daily guided tours<\/h2>\n\n\n\n<p>We offer daily guided tours in Swedish and English, every hour. Follow the link bellow to see the schedule.  <\/p>\n\n\n\n<div class=\"wp-block-buttons is-content-justification-left is-layout-flex wp-container-core-buttons-is-layout-2 wp-block-buttons-is-layout-flex\">\n<div class=\"wp-block-button\"><a class=\"wp-block-button__link wp-element-button\" href=\"https:\/\/thevikingmuseum.com\/en\/visit-us\/\">Visit us<\/a><\/div>\n<\/div>\n<\/div><figure class=\"wp-block-media-text__media\"><img loading=\"lazy\" decoding=\"async\" width=\"2048\" height=\"1261\" src=\"https:\/\/thevikingmuseum.com\/wp-content\/uploads\/2024\/10\/the-viking-museum-407-2048x1261.jpg\" alt=\"A tour guide dressed in Viking costume and showing an interactive map to visitors in the exhibition.\" class=\"wp-image-1481 size-full\" style=\"object-position:31% 29%\" srcset=\"https:\/\/thevikingmuseum.com\/wp-content\/uploads\/2024\/10\/the-viking-museum-407-2048x1261.jpg 2048w, https:\/\/thevikingmuseum.com\/wp-content\/uploads\/2024\/10\/the-viking-museum-407-600x370.jpg 600w, https:\/\/thevikingmuseum.com\/wp-content\/uploads\/2024\/10\/the-viking-museum-407-768x473.jpg 768w, https:\/\/thevikingmuseum.com\/wp-content\/uploads\/2024\/10\/the-viking-museum-407-1536x946.jpg 1536w\" sizes=\"auto, (max-width: 2048px) 100vw, 2048px\" \/><\/figure><\/div>\n\n\n\n<div class=\"wp-block-media-text alignwide is-stacked-on-mobile is-vertically-aligned-center is-image-fill-element\" style=\"grid-template-columns:70% auto\"><figure class=\"wp-block-media-text__media\"><img loading=\"lazy\" decoding=\"async\" width=\"8192\" height=\"5464\" src=\"https:\/\/thevikingmuseum.com\/wp-content\/uploads\/2025\/10\/450A7711-2.jpg\" alt=\"\" class=\"wp-image-4108 size-full\" style=\"object-position:50% 50%\" srcset=\"https:\/\/thevikingmuseum.com\/wp-content\/uploads\/2025\/10\/450A7711-2.jpg 8192w, https:\/\/thevikingmuseum.com\/wp-content\/uploads\/2025\/10\/450A7711-2-600x400.jpg 600w, https:\/\/thevikingmuseum.com\/wp-content\/uploads\/2025\/10\/450A7711-2-768x512.jpg 768w, https:\/\/thevikingmuseum.com\/wp-content\/uploads\/2025\/10\/450A7711-2-1536x1025.jpg 1536w\" sizes=\"auto, (max-width: 8192px) 100vw, 8192px\" \/><\/figure><div class=\"wp-block-media-text__content\">\n<h2 class=\"wp-block-heading\">Restaurant Eld<\/h2>\n\n\n\n<p>Welcome to Restaurant Eld at The Viking Museum, offering beautiful views over Skeppsholmen and Wasahamnen. Here, high-quality cuisine with Nordic influences is served in a warm and inviting setting. The menu is always adapted to the finest seasonal ingredients.  <\/p>\n\n\n\n<div class=\"wp-block-buttons is-layout-flex wp-block-buttons-is-layout-flex\">\n<div class=\"wp-block-button\"><a class=\"wp-block-button__link wp-element-button\" href=\"https:\/\/thevikingmuseum.com\/en\/restaurant-eld\/\">Restaurant Eld<\/a><\/div>\n<\/div>\n<\/div><\/div>\n\n\n\n<div class=\"wp-block-media-text has-media-on-the-right is-stacked-on-mobile is-vertically-aligned-center is-image-fill-element\" style=\"grid-template-columns:auto 70%\"><div class=\"wp-block-media-text__content\">\n<h2 class=\"wp-block-heading\">The Shop<\/h2>\n\n\n\n<p>Our shop is no ordinary gift shop \u2013 we have always emphasized the importance of quality products with a historical connection. Here, you can find unique souvenirs as well as gifts for all occasions; everything from tea, jam and Icelandic liquorice to moose teeth, historically correct drinking horns and Viking helmets. <\/p>\n\n\n\n<div class=\"wp-block-buttons is-layout-flex wp-block-buttons-is-layout-flex\">\n<div class=\"wp-block-button\"><a class=\"wp-block-button__link wp-element-button\" href=\"https:\/\/thevikingmuseum.com\/en\/welcome-to-the-museum-shop\/\">The Shop<\/a><\/div>\n<\/div>\n<\/div><figure class=\"wp-block-media-text__media\"><img loading=\"lazy\" decoding=\"async\" width=\"2048\" height=\"1365\" src=\"https:\/\/thevikingmuseum.com\/wp-content\/uploads\/2024\/10\/Butiken-2024-7-2048x1365.jpg\" alt=\"\" class=\"wp-image-1536 size-full\" style=\"object-position:86% 36%\" srcset=\"https:\/\/thevikingmuseum.com\/wp-content\/uploads\/2024\/10\/Butiken-2024-7-2048x1365.jpg 2048w, https:\/\/thevikingmuseum.com\/wp-content\/uploads\/2024\/10\/Butiken-2024-7-600x400.jpg 600w, https:\/\/thevikingmuseum.com\/wp-content\/uploads\/2024\/10\/Butiken-2024-7-768x512.jpg 768w, https:\/\/thevikingmuseum.com\/wp-content\/uploads\/2024\/10\/Butiken-2024-7-1536x1024.jpg 1536w\" sizes=\"auto, (max-width: 2048px) 100vw, 2048px\" \/><\/figure><\/div>\n\n\n\n<div class=\"wp-block-media-text is-stacked-on-mobile is-vertically-aligned-center is-image-fill-element\" style=\"grid-template-columns:70% auto\"><figure class=\"wp-block-media-text__media\"><img loading=\"lazy\" decoding=\"async\" width=\"2048\" height=\"1365\" src=\"https:\/\/thevikingmuseum.com\/wp-content\/uploads\/2024\/10\/tvm-12-2048x1365.jpg\" alt=\"A person painting a wooden board.\" class=\"wp-image-1732 size-full\" style=\"object-position:46% 68%\" srcset=\"https:\/\/thevikingmuseum.com\/wp-content\/uploads\/2024\/10\/tvm-12-2048x1365.jpg 2048w, https:\/\/thevikingmuseum.com\/wp-content\/uploads\/2024\/10\/tvm-12-600x400.jpg 600w, https:\/\/thevikingmuseum.com\/wp-content\/uploads\/2024\/10\/tvm-12-768x512.jpg 768w, https:\/\/thevikingmuseum.com\/wp-content\/uploads\/2024\/10\/tvm-12-1536x1024.jpg 1536w\" sizes=\"auto, (max-width: 2048px) 100vw, 2048px\" \/><\/figure><div class=\"wp-block-media-text__content\">\n<h2 class=\"wp-block-heading\">A Sustainable Museum<\/h2>\n\n\n\n<p>Environment and sustainability is a natural part of our work and permeates our entire operation. Click here for more information about how we work with these issues. <\/p>\n\n\n\n<div class=\"wp-block-buttons is-layout-flex wp-block-buttons-is-layout-flex\">\n<div class=\"wp-block-button\"><a class=\"wp-block-button__link wp-element-button\" href=\"https:\/\/thevikingmuseum.com\/en\/a-sustainable-museum\/\">Sustainability<\/a><\/div>\n<\/div>\n<\/div><\/div>\n\n\n\n<div style=\"background:black;\" id=\"form-container-bcd02669-9ade-412c-8c46-1927910e9c80\"><form method=\"post\" action=\"https:\/\/55yhjifckh.ungapped.io\/Api\/Subscriptions\/f6e76f4c-d5cb-4f0d-820d-a44086560728\" id=\"form-bcd02669-9ade-412c-8c46-1927910e9c80\"><input type=\"hidden\" name=\"SubscriptionConfirmedUrl\" value=\"https:\/\/thevikingmuseum.com\/tack-for-att-du-prenumererar-pa-vart-nyhetsbrev\/\"\/><input type=\"hidden\" name=\"SubscriptionFailedUrl\" value=\"https:\/\/thevikingmuseum.com\/nagot-gick-fel\/\"\/><input type=\"hidden\" name=\"DoubleOptIn[Issue][IssueId]\" value=\"5bd90777-a2d0-42b6-a092-eb215ba27532\"\/><input type=\"hidden\" name=\"DoubleOptIn[EmailSentUrl]\" value=\"https:\/\/thevikingmuseum.com\/tack-for-att-du-vill-prenumerera-pa-vart-nyhetsbrev\/\"\/><input type=\"hidden\" name=\"ConfirmationIssue[IssueId]\" value=\"d94fab29-3f40-444b-b8f7-24afbc7c1abc\"\/><input type=\"hidden\" name=\"DefaultCountryCode\" value=\"+46\"\/><input type=\"hidden\" name=\"ListIds\" id=\"listId-4ebd2d38-9f8f-46f6-b075-248600ef8a20\" value=\"4ebd2d38-9f8f-46f6-b075-248600ef8a20\"\/><h3>Sign up for our Newsletter<\/h3><p>Would you like to stay updated on what\u2019s happening at The Viking Museum? Read about our current programs and events by subscribing to our newsletter.<br\/> <br\/> <br\/> <\/p><div><div><div class=\"formfield\"><label for=\"Contact[Name]\">Name *<\/label><input type=\"text\" id=\"Contact[Name]\" name=\"Contact[Name]\" placeholder=\"Enter your name\" required=\"\"\/><\/div><\/div><div><div class=\"formfield\"><label for=\"Contact[Email]\">Email: *<\/label><input type=\"email\" id=\"Contact[Email]\" name=\"Contact[Email]\" placeholder=\"Enter your email\" required=\"\"\/><\/div><\/div><\/div><div class=\"formfield formfield-check\"><label for=\"consentText\"><input type=\"checkbox\" name=\"ConsentText\" id=\"consentText\" required=\"\" value=\"Jag godk\u00e4nner att min e-postadress anv\u00e4nds f\u00f6r att jag ska f\u00e5 The Viking Museums nyhetsbrev. [br][br]The Viking Museum kommer inte att dela dina uppgifter med tredje part. L\u00e4s mer om hur vi behandlar personuppgifter i\u00a0[a href=\" https:=\"\" target=\"_blank\" rel=\"noopener\" integritetspolicy=\"\"\/><span>I agree that my email address may be used to receive The Viking Museum\u2019s newsletter.<br\/> <br\/> <br\/> <br\/><br\/>The Viking Museum will not share your personal data with third parties. Read more about how we process personal data in our <a href=\"https:\/\/thevikingmuseum.com\/en\/privacy-policy\/\" target=\"_blank\" rel=\"noopener\">Privacy Policy.<\/a> <\/span><\/label><\/div><div class=\"btn-container\"><button type=\"submit\">SIGN UP<\/button><\/div><\/form><style>#form-container-bcd02669-9ade-412c-8c46-1927910e9c80 *{border:none;background-image:none;background-color:transparent;-webkit-box-shadow:none;-moz-box-shadow:none;box-shadow:none;padding:0;margin:0}#form-container-bcd02669-9ade-412c-8c46-1927910e9c80{--FrameWidth:800px;--FrameBackgroundColor:#212121;--FramePaddingTop:30px;--FramePaddingRight:30px;--FramePaddingBottom:30px;--FramePaddingLeft:30px;--FrameRadius:0px;--FrameBorderWidth:0px;--FrameBorderColor:#dddddd;--ButtonPaddingTop:15px;--ButtonBackgroundColor:#212121;--ButtonBackgroundColorHover:#cccccc;--ButtonPaddingBottom:15px;--ButtonPaddingLeft:25px;--ButtonPaddingRight:25px;--ButtonRadius:4px;--ButtonBorderWidth:1px;--ButtonBorderColor:#cccccc;--ButtonFontFamily:'Verlag';--ButtonFontSize:16px;--ButtonLineHeight:125%;--ButtonColor:#ffffff;--ButtonColorHover:#000000;--ButtonFontWeight:700;--ButtonJustifyContent:end;--ButtonWidth:auto;--ImageFlexDirection:column;--ImageWidth:40%;--HeadingFontFamily:'Verlag';--HeadingFontSize:30px;--HeadingLineHeight:125%;--HeadingColor:#cccccc;--InputsBackgroundColor:#ffffff;--HeadingFontWeight:700;--TextFontFamily:'Verlag';--TextFontSize:16px;--TextLineHeight:150%;--TextColor:#cccccc;--TextFontWeight:400;--LabelsFontFamily:'Verlag';--LabelsFontSize:14px;--LabelsLineHeight:125%;--LabelsColor:#cccccc;--LabelsFontWeight:700;--InputsPaddingTop:10px;--InputsPaddingBottom:10px;--InputsPaddingRight:15px;--InputsPaddingLeft:15px;--InputsBorderTopWidth:1px;--InputsBorderRightWidth:1px;--InputsBorderLeftWidth:1px;--InputsBorderBottomWidth:1px;--InputsRadius:4px;--InputsBorderColor:#cccccc;--InputsFontFamily:'Verlag';--InputsFontSize:16px;--InputsLineHeight:125%;--InputsColor:#1f1c26;display:flex;flex-direction:var(--ImageFlexDirection);max-width:var(--FrameWidth);width:calc(100%- calc(var(--FrameBorderWidth) *2));background-color:var(--FrameBackgroundColor);border-radius:var(--FrameRadius);margin:auto;overflow:hidden;color:var(--TextColor);border:var(--FrameBorderWidth) solid var(--FrameBorderColor)}#form-container-bcd02669-9ade-412c-8c46-1927910e9c80 *{box-sizing:border-box}#form-container-bcd02669-9ade-412c-8c46-1927910e9c80 form{padding:var(--FramePaddingTop) var(--FramePaddingRight) var(--FramePaddingBottom) var(--FramePaddingLeft);flex:1}#form-container-bcd02669-9ade-412c-8c46-1927910e9c80 img{width:100%;height:auto}#form-container-bcd02669-9ade-412c-8c46-1927910e9c80 .img-bg{background-repeat:no-repeat;background-size:cover;background-position:center center;width:var(--ImageWidth)}#form-container-bcd02669-9ade-412c-8c46-1927910e9c80 h3,#form-container-bcd02669-9ade-412c-8c46-1927910e9c80 p{margin:0 0 10px}#form-container-bcd02669-9ade-412c-8c46-1927910e9c80 h3{font-family:var(--HeadingFontFamily);font-size:var(--HeadingFontSize);line-height:var(--HeadingLineHeight);color:var(--HeadingColor);font-weight:var(--HeadingFontWeight)}#form-container-bcd02669-9ade-412c-8c46-1927910e9c80,#form-container-bcd02669-9ade-412c-8c46-1927910e9c80 p{font-family:var(--TextFontFamily);font-size:var(--TextFontSize);line-height:var(--TextLineHeight);color:var(--TextColor);font-weight:var(--TextFontWeight)}#form-container-bcd02669-9ade-412c-8c46-1927910e9c80 a{color:var(--TextColor);text-decoration:underline}#form-container-bcd02669-9ade-412c-8c46-1927910e9c80 .formfield{margin:0 0 15px}#form-container-bcd02669-9ade-412c-8c46-1927910e9c80 .formfield-check label{display:grid;grid-template-columns:1em auto;gap:5px;align-items:baseline;font-size:var(--TextFontSize);font-weight:var(--TextFontWeight)}#form-container-bcd02669-9ade-412c-8c46-1927910e9c80 .formfield p{margin:5px 0 0;font-style:italic}#form-container-bcd02669-9ade-412c-8c46-1927910e9c80 legend,#form-container-bcd02669-9ade-412c-8c46-1927910e9c80 label{margin:0 0 5px;display:inline-block;font-size:var(--LabelsFontSize);line-height:var(--LabelsLineHeight);font-family:var(--LabelsFontFamily);color:var(--LabelsColor);font-weight:var(--LabelsFontWeight)}#form-container-bcd02669-9ade-412c-8c46-1927910e9c80 input[type=\"text\"],#form-container-bcd02669-9ade-412c-8c46-1927910e9c80 input[type=\"email\"],#form-container-bcd02669-9ade-412c-8c46-1927910e9c80 input[type=\"tel\"],#form-container-bcd02669-9ade-412c-8c46-1927910e9c80 input[type=\"number\"],#form-container-bcd02669-9ade-412c-8c46-1927910e9c80 input[type=\"date\"],#form-container-bcd02669-9ade-412c-8c46-1927910e9c80 select{display:block;width:100%;font-size:var(--InputsFontSize);line-height:var(--InputsLineHeight);font-family:var(--InputsFontFamily);color:var(--InputsColor);background-color:var(--InputsBackgroundColor);padding:var(--InputsPaddingTop) var(--InputsPaddingRight) var(--InputsPaddingBottom) var(--InputsPaddingLeft);border-width:var(--InputsBorderTopWidth) var(--InputsBorderRightWidth) var(--InputsBorderBottomWidth) var(--InputsBorderLeftWidth);border-style:solid;border-color:var(--InputsBorderColor);border-radius:var(--InputsRadius)}#form-container-bcd02669-9ade-412c-8c46-1927910e9c80 input[type=\"radio\"],#form-container-bcd02669-9ade-412c-8c46-1927910e9c80 input[type=\"checkbox\"]{accent-color:var(--ButtonBackgroundColor)}#form-container-bcd02669-9ade-412c-8c46-1927910e9c80 input[type=\"hidden\"]+label{display:none}#form-container-bcd02669-9ade-412c-8c46-1927910e9c80 .btn-container{display:flex;justify-content:var(--ButtonJustifyContent);margin-top:20px}#form-container-bcd02669-9ade-412c-8c46-1927910e9c80 button[type=\"submit\"]{width:var(--ButtonWidth);background-color:var(--ButtonBackgroundColor);padding:var(--ButtonPaddingTop) var(--ButtonPaddingRight) var(--ButtonPaddingBottom) var(--ButtonPaddingLeft);border:var(--ButtonBorderWidth) solid var(--ButtonBorderColor);border-radius:var(--ButtonRadius);font-family:var(--ButtonFontFamily);font-size:var(--ButtonFontSize);line-height:var(--ButtonLineHeight);color:var(--ButtonColor);font-weight:var(--ButtonFontWeight);text-align:center;cursor:pointer}#form-container-bcd02669-9ade-412c-8c46-1927910e9c80 button[type=\"submit\"]:hover{background-color:var(--ButtonBackgroundColorHover);color:var(--ButtonColorHover)}#form-container-bcd02669-9ade-412c-8c46-1927910e9c80 legend{margin:0 0 5px}#form-container-bcd02669-9ade-412c-8c46-1927910e9c80 legend+p{margin:0 0 5px}#form-container-bcd02669-9ade-412c-8c46-1927910e9c80 fieldset{margin:0 0 5px}#form-container-bcd02669-9ade-412c-8c46-1927910e9c80 .formfield-check{margin:0 0 10px}<\/style><style>@import url(\"https:\/\/fonts.googleapis.com\/css?family=Open+Sans:700,regular&display=swap\");<\/style><\/div>\n","protected":false},"excerpt":{"rendered":"<p>Discover the Viking Age in new ways. On beautiful Djurg\u00e5rden, in the heart of Stockholm, you will find The Viking Museum \u2013 an experiential museum where history, myth and archaeology come together in a vivid and interactive environment. A Viking museum for all ages Who were the Vikings, really? Were they only plundering warriors, as [&hellip;]<\/p>\n","protected":false},"author":1,"featured_media":0,"parent":0,"menu_order":0,"comment_status":"closed","ping_status":"closed","template":"front-page.php","meta":{"_acf_changed":false,"footnotes":""},"class_list":["post-1063","page","type-page","status-publish","hentry"],"acf":[],"_links":{"self":[{"href":"https:\/\/thevikingmuseum.com\/en\/wp-json\/wp\/v2\/pages\/1063","targetHints":{"allow":["GET"]}}],"collection":[{"href":"https:\/\/thevikingmuseum.com\/en\/wp-json\/wp\/v2\/pages"}],"about":[{"href":"https:\/\/thevikingmuseum.com\/en\/wp-json\/wp\/v2\/types\/page"}],"author":[{"embeddable":true,"href":"https:\/\/thevikingmuseum.com\/en\/wp-json\/wp\/v2\/users\/1"}],"replies":[{"embeddable":true,"href":"https:\/\/thevikingmuseum.com\/en\/wp-json\/wp\/v2\/comments?post=1063"}],"version-history":[{"count":27,"href":"https:\/\/thevikingmuseum.com\/en\/wp-json\/wp\/v2\/pages\/1063\/revisions"}],"predecessor-version":[{"id":4832,"href":"https:\/\/thevikingmuseum.com\/en\/wp-json\/wp\/v2\/pages\/1063\/revisions\/4832"}],"wp:attachment":[{"href":"https:\/\/thevikingmuseum.com\/en\/wp-json\/wp\/v2\/media?parent=1063"}],"curies":[{"name":"wp","href":"https:\/\/api.w.org\/{rel}","templated":true}]}}