

{"id":1069,"date":"2024-04-03T12:45:43","date_gmt":"2024-04-03T10:45:43","guid":{"rendered":"https:\/\/thevikingmuseum.com\/faq\/"},"modified":"2026-02-05T09:17:43","modified_gmt":"2026-02-05T08:17:43","slug":"faq","status":"publish","type":"page","link":"https:\/\/thevikingmuseum.com\/en\/faq\/","title":{"rendered":"FAQ"},"content":{"rendered":"\n<p>Here you will find the answers to some of our most frequently asked questions. Don\u2019t hesitate to contact us if your question is still unanswered. <\/p>\n\n<div class=\"wp-block-buttons is-layout-flex wp-block-buttons-is-layout-flex\">\n<div class=\"wp-block-button\"><a class=\"wp-block-button__link wp-element-button\" href=\"mailto:info@thevikingmuseum.com\">Contact us<\/a><\/div>\n<\/div>\n\n<div class=\"wp-block-group is-layout-constrained wp-block-group-is-layout-constrained\">\n<h2 class=\"wp-block-heading\">Plan your visit<\/h2>\n\n\n\t\t\t<div class=\"accordion-item\">\n\t\t\t<div class=\"flex items-center cursor-pointer accordion-item-heading\">\n\t\t\t\t<h3 class=\"mr-4\">Can I bring a suitcase into the museum?<\/h3>\n\t\t\t\t\n\t\t\t\t<div class=\"accordion-icon\">\n\t\t\t\t\t<svg xmlns=\"http:\/\/www.w3.org\/2000\/svg\" fill=\"none\" viewBox=\"0 0 24 24\" stroke-width=\"1.5\" stroke=\"currentColor\" class=\"w-6 h-6\">\n\t\t\t\t\t\t<path stroke-linecap=\"round\" stroke-linejoin=\"round\" d=\"m19.5 8.25-7.5 7.5-7.5-7.5\" \/>\n\t\t\t\t\t<\/svg>\n\t\t\t\t<\/div>\n\t\t\t<\/div>\n\t\t\t<div class=\"accordion-item-content\"><p>There is a limited number of lockers available for storing bags. The locker dimensions are: height 39 cm, width 32 cm, and depth 38 cm. We prefer that large bags are not brought into the museum, as we cannot take responsibility for them; however, in exceptional cases, they may be taken into the exhibition if necessary. <\/p>\n<\/div>\n\t\t<\/div>\n\t\t\n\n\n\t\t\t<div class=\"accordion-item\">\n\t\t\t<div class=\"flex items-center cursor-pointer accordion-item-heading\">\n\t\t\t\t<h3 class=\"mr-4\">Can I bring a stroller into the museum?<\/h3>\n\t\t\t\t\n\t\t\t\t<div class=\"accordion-icon\">\n\t\t\t\t\t<svg xmlns=\"http:\/\/www.w3.org\/2000\/svg\" fill=\"none\" viewBox=\"0 0 24 24\" stroke-width=\"1.5\" stroke=\"currentColor\" class=\"w-6 h-6\">\n\t\t\t\t\t\t<path stroke-linecap=\"round\" stroke-linejoin=\"round\" d=\"m19.5 8.25-7.5 7.5-7.5-7.5\" \/>\n\t\t\t\t\t<\/svg>\n\t\t\t\t<\/div>\n\t\t\t<\/div>\n\t\t\t<div class=\"accordion-item-content\"><p>The Viking Museum has a stroller parking area outside the building (to the left of the entrance, under the stairs). However, the museum is not responsible for strollers parked outside. Strollers may be brought into the museum subject to space availability. Please note that strollers must not be left unattended inside the museum. During school holidays, we have a higher number of visitors and families with children, and we therefore kindly encourage guests to leave strollers at home or use the stroller parking area.    <\/p>\n<\/div>\n\t\t<\/div>\n\t\t\n\n\n\t\t\t<div class=\"accordion-item\">\n\t\t\t<div class=\"flex items-center cursor-pointer accordion-item-heading\">\n\t\t\t\t<h3 class=\"mr-4\">Can I bring my dog into The Viking Museum?<\/h3>\n\t\t\t\t\n\t\t\t\t<div class=\"accordion-icon\">\n\t\t\t\t\t<svg xmlns=\"http:\/\/www.w3.org\/2000\/svg\" fill=\"none\" viewBox=\"0 0 24 24\" stroke-width=\"1.5\" stroke=\"currentColor\" class=\"w-6 h-6\">\n\t\t\t\t\t\t<path stroke-linecap=\"round\" stroke-linejoin=\"round\" d=\"m19.5 8.25-7.5 7.5-7.5-7.5\" \/>\n\t\t\t\t\t<\/svg>\n\t\t\t\t<\/div>\n\t\t\t<\/div>\n\t\t\t<div class=\"accordion-item-content\"><p>Due to allergies and the animals\u2019 well being, they are not allowed in the museum. We do allow guide dogs however. <\/p>\n<\/div>\n\t\t<\/div>\n\t\t\n\n\n\t\t\t<div class=\"accordion-item\">\n\t\t\t<div class=\"flex items-center cursor-pointer accordion-item-heading\">\n\t\t\t\t<h3 class=\"mr-4\">Can I park my car near The Viking Museum?<\/h3>\n\t\t\t\t\n\t\t\t\t<div class=\"accordion-icon\">\n\t\t\t\t\t<svg xmlns=\"http:\/\/www.w3.org\/2000\/svg\" fill=\"none\" viewBox=\"0 0 24 24\" stroke-width=\"1.5\" stroke=\"currentColor\" class=\"w-6 h-6\">\n\t\t\t\t\t\t<path stroke-linecap=\"round\" stroke-linejoin=\"round\" d=\"m19.5 8.25-7.5 7.5-7.5-7.5\" \/>\n\t\t\t\t\t<\/svg>\n\t\t\t\t<\/div>\n\t\t\t<\/div>\n\t\t\t<div class=\"accordion-item-content\"><p>The Viking Musuem has no parking spaces of our own. There are a few parking spaces close by, but we recommend getting to the museum by public transportation or by walking. Click <a href=\"https:\/\/thevikingmuseum.com\/en\/find-us\/\" target=\"_blank\" rel=\"noopener\">here<\/a> for further instructions on how to find us.  <\/p>\n<\/div>\n\t\t<\/div>\n\t\t\n\n\n\t\t\t<div class=\"accordion-item\">\n\t\t\t<div class=\"flex items-center cursor-pointer accordion-item-heading\">\n\t\t\t\t<h3 class=\"mr-4\">Can we store jackets anywhere?<\/h3>\n\t\t\t\t\n\t\t\t\t<div class=\"accordion-icon\">\n\t\t\t\t\t<svg xmlns=\"http:\/\/www.w3.org\/2000\/svg\" fill=\"none\" viewBox=\"0 0 24 24\" stroke-width=\"1.5\" stroke=\"currentColor\" class=\"w-6 h-6\">\n\t\t\t\t\t\t<path stroke-linecap=\"round\" stroke-linejoin=\"round\" d=\"m19.5 8.25-7.5 7.5-7.5-7.5\" \/>\n\t\t\t\t\t<\/svg>\n\t\t\t\t<\/div>\n\t\t\t<\/div>\n\t\t\t<div class=\"accordion-item-content\"><p>Yes, we have a cloakroom with both hangers and lockers.<\/p>\n<\/div>\n\t\t<\/div>\n\t\t\n\n\n\t\t\t<div class=\"accordion-item\">\n\t\t\t<div class=\"flex items-center cursor-pointer accordion-item-heading\">\n\t\t\t\t<h3 class=\"mr-4\">Is The Viking Museum located indoors or outdoors?<\/h3>\n\t\t\t\t\n\t\t\t\t<div class=\"accordion-icon\">\n\t\t\t\t\t<svg xmlns=\"http:\/\/www.w3.org\/2000\/svg\" fill=\"none\" viewBox=\"0 0 24 24\" stroke-width=\"1.5\" stroke=\"currentColor\" class=\"w-6 h-6\">\n\t\t\t\t\t\t<path stroke-linecap=\"round\" stroke-linejoin=\"round\" d=\"m19.5 8.25-7.5 7.5-7.5-7.5\" \/>\n\t\t\t\t\t<\/svg>\n\t\t\t\t<\/div>\n\t\t\t<\/div>\n\t\t\t<div class=\"accordion-item-content\"><p>Both the exhibition and the ride are located indoors at The Viking Museum.<\/p>\n<\/div>\n\t\t<\/div>\n\t\t\n<\/div>\n\n<div class=\"wp-block-group is-layout-constrained wp-block-group-is-layout-constrained\">\n<h2 class=\"wp-block-heading\">Payment and Tickets<\/h2>\n\n\n\t\t\t<div class=\"accordion-item\">\n\t\t\t<div class=\"flex items-center cursor-pointer accordion-item-heading\">\n\t\t\t\t<h3 class=\"mr-4\">What is the entrance fee at The Viking Museum?<\/h3>\n\t\t\t\t\n\t\t\t\t<div class=\"accordion-icon\">\n\t\t\t\t\t<svg xmlns=\"http:\/\/www.w3.org\/2000\/svg\" fill=\"none\" viewBox=\"0 0 24 24\" stroke-width=\"1.5\" stroke=\"currentColor\" class=\"w-6 h-6\">\n\t\t\t\t\t\t<path stroke-linecap=\"round\" stroke-linejoin=\"round\" d=\"m19.5 8.25-7.5 7.5-7.5-7.5\" \/>\n\t\t\t\t\t<\/svg>\n\t\t\t\t<\/div>\n\t\t\t<\/div>\n\t\t\t<div class=\"accordion-item-content\"><p>P\u00e5 The Viking Museum kostar det 199 kr f\u00f6r vuxna, 159 kr f\u00f6r barn och 175 kr f\u00f6r seniorer och studenter. F\u00f6r barn mellan 0-6 \u00e5r \u00e4r det gratis.<\/p>\n<\/div>\n\t\t<\/div>\n\t\t\n\n\n\t\t\t<div class=\"accordion-item\">\n\t\t\t<div class=\"flex items-center cursor-pointer accordion-item-heading\">\n\t\t\t\t<h3 class=\"mr-4\">Can I pay with cash at The Viking Museum?<\/h3>\n\t\t\t\t\n\t\t\t\t<div class=\"accordion-icon\">\n\t\t\t\t\t<svg xmlns=\"http:\/\/www.w3.org\/2000\/svg\" fill=\"none\" viewBox=\"0 0 24 24\" stroke-width=\"1.5\" stroke=\"currentColor\" class=\"w-6 h-6\">\n\t\t\t\t\t\t<path stroke-linecap=\"round\" stroke-linejoin=\"round\" d=\"m19.5 8.25-7.5 7.5-7.5-7.5\" \/>\n\t\t\t\t\t<\/svg>\n\t\t\t\t<\/div>\n\t\t\t<\/div>\n\t\t\t<div class=\"accordion-item-content\"><div class=\"et_pb_toggle_content clearfix\">Unfortunately not. We are a cash-free museum, but we accept all forms of card payments in the entrance, the shop, and the restaurant. <\/div>\n<\/div>\n\t\t<\/div>\n\t\t\n\n\n\t\t\t<div class=\"accordion-item\">\n\t\t\t<div class=\"flex items-center cursor-pointer accordion-item-heading\">\n\t\t\t\t<h3 class=\"mr-4\">Can I buy tickets to The Viking Museum in advance?<\/h3>\n\t\t\t\t\n\t\t\t\t<div class=\"accordion-icon\">\n\t\t\t\t\t<svg xmlns=\"http:\/\/www.w3.org\/2000\/svg\" fill=\"none\" viewBox=\"0 0 24 24\" stroke-width=\"1.5\" stroke=\"currentColor\" class=\"w-6 h-6\">\n\t\t\t\t\t\t<path stroke-linecap=\"round\" stroke-linejoin=\"round\" d=\"m19.5 8.25-7.5 7.5-7.5-7.5\" \/>\n\t\t\t\t\t<\/svg>\n\t\t\t\t<\/div>\n\t\t\t<\/div>\n\t\t\t<div class=\"accordion-item-content\"><p>Yes, you can purchase your ticket in advance. Your tickets will be sent to you digitally after the purchase. Click h<a href=\"https:\/\/thevikingmuseum.com\/en\/buy-tickets\/\" target=\"_blank\" rel=\"noopener\">ere t<\/a>o purchase ticket.<\/p>\n<\/div>\n\t\t<\/div>\n\t\t\n\n\n\t\t\t<div class=\"accordion-item\">\n\t\t\t<div class=\"flex items-center cursor-pointer accordion-item-heading\">\n\t\t\t\t<h3 class=\"mr-4\">Is the adventure ride Ragnfrid\u2019s Saga included in the entrance fee?<\/h3>\n\t\t\t\t\n\t\t\t\t<div class=\"accordion-icon\">\n\t\t\t\t\t<svg xmlns=\"http:\/\/www.w3.org\/2000\/svg\" fill=\"none\" viewBox=\"0 0 24 24\" stroke-width=\"1.5\" stroke=\"currentColor\" class=\"w-6 h-6\">\n\t\t\t\t\t\t<path stroke-linecap=\"round\" stroke-linejoin=\"round\" d=\"m19.5 8.25-7.5 7.5-7.5-7.5\" \/>\n\t\t\t\t\t<\/svg>\n\t\t\t\t<\/div>\n\t\t\t<\/div>\n\t\t\t<div class=\"accordion-item-content\"><p>Yes. <\/p>\n<\/div>\n\t\t<\/div>\n\t\t\n<\/div>\n\n<div class=\"wp-block-group is-layout-constrained wp-block-group-is-layout-constrained\">\n<h2 class=\"wp-block-heading\">Ragnfrid&#8217;s Saga<\/h2>\n\n\n\t\t\t<div class=\"accordion-item\">\n\t\t\t<div class=\"flex items-center cursor-pointer accordion-item-heading\">\n\t\t\t\t<h3 class=\"mr-4\"> What is Ragnfrid\u2019s Saga?<\/h3>\n\t\t\t\t\n\t\t\t\t<div class=\"accordion-icon\">\n\t\t\t\t\t<svg xmlns=\"http:\/\/www.w3.org\/2000\/svg\" fill=\"none\" viewBox=\"0 0 24 24\" stroke-width=\"1.5\" stroke=\"currentColor\" class=\"w-6 h-6\">\n\t\t\t\t\t\t<path stroke-linecap=\"round\" stroke-linejoin=\"round\" d=\"m19.5 8.25-7.5 7.5-7.5-7.5\" \/>\n\t\t\t\t\t<\/svg>\n\t\t\t\t<\/div>\n\t\t\t<\/div>\n\t\t\t<div class=\"accordion-item-content\"><p>The museum\u2019s ride, Ragnfrid\u2019s Saga, takes you on an exciting adventure through 10th century Europe. The story begins at Fr\u00f6sala farm, where Ragnfrid and Harald live together with their daughter Sigrid. Harald has wasted all of the family\u2019s money and has to go out on a Viking Raid in order to win back their fortune and honor.  <\/p>\n<p>The ride lasts for eleven minutes and is available in the following languages: Swedish, English, Spanish, French, German, Italian, Russian, Finnish and Chinese.<\/p>\n<p>We recommend that children under 7 years are accompanied by an adult on the ride.<\/p>\n<p>&nbsp;<\/p>\n<\/div>\n\t\t<\/div>\n\t\t\n\n\n\t\t\t<div class=\"accordion-item\">\n\t\t\t<div class=\"flex items-center cursor-pointer accordion-item-heading\">\n\t\t\t\t<h3 class=\"mr-4\">Is the ride scary?<\/h3>\n\t\t\t\t\n\t\t\t\t<div class=\"accordion-icon\">\n\t\t\t\t\t<svg xmlns=\"http:\/\/www.w3.org\/2000\/svg\" fill=\"none\" viewBox=\"0 0 24 24\" stroke-width=\"1.5\" stroke=\"currentColor\" class=\"w-6 h-6\">\n\t\t\t\t\t\t<path stroke-linecap=\"round\" stroke-linejoin=\"round\" d=\"m19.5 8.25-7.5 7.5-7.5-7.5\" \/>\n\t\t\t\t\t<\/svg>\n\t\t\t\t<\/div>\n\t\t\t<\/div>\n\t\t\t<div class=\"accordion-item-content\"><p>Vikingaf\u00e4rden \u00e4r lite l\u00e4skig under vissa delar, d\u00e4rf\u00f6r rekommenderar vi barn under 7 \u00e5r att \u00e5ka med en vuxen.<\/p>\n<\/div>\n\t\t<\/div>\n\t\t\n\n\n\t\t\t<div class=\"accordion-item\">\n\t\t\t<div class=\"flex items-center cursor-pointer accordion-item-heading\">\n\t\t\t\t<h3 class=\"mr-4\">In which languages can I hear Ragnfrid\u2019s Saga?<\/h3>\n\t\t\t\t\n\t\t\t\t<div class=\"accordion-icon\">\n\t\t\t\t\t<svg xmlns=\"http:\/\/www.w3.org\/2000\/svg\" fill=\"none\" viewBox=\"0 0 24 24\" stroke-width=\"1.5\" stroke=\"currentColor\" class=\"w-6 h-6\">\n\t\t\t\t\t\t<path stroke-linecap=\"round\" stroke-linejoin=\"round\" d=\"m19.5 8.25-7.5 7.5-7.5-7.5\" \/>\n\t\t\t\t\t<\/svg>\n\t\t\t\t<\/div>\n\t\t\t<\/div>\n\t\t\t<div class=\"accordion-item-content\"><p>Ragnfrids saga is available in the following languages: Swedish, English, Russian, Finnish, Mandarin, Spanish, Italian, French and German.<\/p>\n<\/div>\n\t\t<\/div>\n\t\t\n<\/div>\n\n<div class=\"wp-block-group is-layout-constrained wp-block-group-is-layout-constrained\">\n<h2 class=\"wp-block-heading\">Accessibility<\/h2>\n\n\n\t\t\t<div class=\"accordion-item\">\n\t\t\t<div class=\"flex items-center cursor-pointer accordion-item-heading\">\n\t\t\t\t<h3 class=\"mr-4\">How wheelchair-friendly is The Viking Museum?<\/h3>\n\t\t\t\t\n\t\t\t\t<div class=\"accordion-icon\">\n\t\t\t\t\t<svg xmlns=\"http:\/\/www.w3.org\/2000\/svg\" fill=\"none\" viewBox=\"0 0 24 24\" stroke-width=\"1.5\" stroke=\"currentColor\" class=\"w-6 h-6\">\n\t\t\t\t\t\t<path stroke-linecap=\"round\" stroke-linejoin=\"round\" d=\"m19.5 8.25-7.5 7.5-7.5-7.5\" \/>\n\t\t\t\t\t<\/svg>\n\t\t\t\t<\/div>\n\t\t\t<\/div>\n\t\t\t<div class=\"accordion-item-content\"><p>The entire exhibition, shop and restaurant are wheelchair-friendly. We also have a wheelchair for loan if necessary. There are two disabled parking spots in front of the entrance to the museum. In the building, there is also an elevator and a bathroom that are handicap-friendly. <\/p>\n<\/div>\n\t\t<\/div>\n\t\t\n\n\n\t\t\t<div class=\"accordion-item\">\n\t\t\t<div class=\"flex items-center cursor-pointer accordion-item-heading\">\n\t\t\t\t<h3 class=\"mr-4\">Can I go on the ride with a wheelchair?<\/h3>\n\t\t\t\t\n\t\t\t\t<div class=\"accordion-icon\">\n\t\t\t\t\t<svg xmlns=\"http:\/\/www.w3.org\/2000\/svg\" fill=\"none\" viewBox=\"0 0 24 24\" stroke-width=\"1.5\" stroke=\"currentColor\" class=\"w-6 h-6\">\n\t\t\t\t\t\t<path stroke-linecap=\"round\" stroke-linejoin=\"round\" d=\"m19.5 8.25-7.5 7.5-7.5-7.5\" \/>\n\t\t\t\t\t<\/svg>\n\t\t\t\t<\/div>\n\t\t\t<\/div>\n\t\t\t<div class=\"accordion-item-content\"><p><span data-olk-copy-source=\"MessageBody\">There are two wheelchair-accessible carriages in the Viking ride Ragnfrid\u2019s Saga. One carriage can accommodate a full wheelchair, as well as a companion or assistant. <\/span><\/p>\n<p>For the second carriage, guests need to be able to transfer from their wheelchair to the seat in the carriage. This carriage has a fold-down side to facilitate the transfer. In this carriage, guests are seated with their legs bent.  <\/p>\n<p>&nbsp;<\/p>\n<\/div>\n\t\t<\/div>\n\t\t\n\n\n\t\t\t<div class=\"accordion-item\">\n\t\t\t<div class=\"flex items-center cursor-pointer accordion-item-heading\">\n\t\t\t\t<h3 class=\"mr-4\">Can I enjoy the museum if I am blind or visually impaired?<\/h3>\n\t\t\t\t\n\t\t\t\t<div class=\"accordion-icon\">\n\t\t\t\t\t<svg xmlns=\"http:\/\/www.w3.org\/2000\/svg\" fill=\"none\" viewBox=\"0 0 24 24\" stroke-width=\"1.5\" stroke=\"currentColor\" class=\"w-6 h-6\">\n\t\t\t\t\t\t<path stroke-linecap=\"round\" stroke-linejoin=\"round\" d=\"m19.5 8.25-7.5 7.5-7.5-7.5\" \/>\n\t\t\t\t\t<\/svg>\n\t\t\t\t<\/div>\n\t\t\t<\/div>\n\t\t\t<div class=\"accordion-item-content\"><p>Yes! We offer a free audio guide in nine different languages for those who, for different reasons, can\u2019t take part of our written material. For the visually impaired, it is possible to feel and touch different objects in the exhibition. We also allow guide dogs in the entire building.   <\/p>\n<\/div>\n\t\t<\/div>\n\t\t\n\n\n\t\t\t<div class=\"accordion-item\">\n\t\t\t<div class=\"flex items-center cursor-pointer accordion-item-heading\">\n\t\t\t\t<h3 class=\"mr-4\">Can I enjoy the museum if I am deaf or have hearing loss?<\/h3>\n\t\t\t\t\n\t\t\t\t<div class=\"accordion-icon\">\n\t\t\t\t\t<svg xmlns=\"http:\/\/www.w3.org\/2000\/svg\" fill=\"none\" viewBox=\"0 0 24 24\" stroke-width=\"1.5\" stroke=\"currentColor\" class=\"w-6 h-6\">\n\t\t\t\t\t\t<path stroke-linecap=\"round\" stroke-linejoin=\"round\" d=\"m19.5 8.25-7.5 7.5-7.5-7.5\" \/>\n\t\t\t\t\t<\/svg>\n\t\t\t\t<\/div>\n\t\t\t<\/div>\n\t\t\t<div class=\"accordion-item-content\"><p>Yes! We have a hearing loop in the entrance area. There is also the option to follow the story of our adventure ride in written form.  <\/p>\n<\/div>\n\t\t<\/div>\n\t\t\n<\/div>\n\n<div class=\"wp-block-group is-layout-constrained wp-block-group-is-layout-constrained\">\n<h2 class=\"wp-block-heading\">Food and Beverages<\/h2>\n\n\n\t\t\t<div class=\"accordion-item\">\n\t\t\t<div class=\"flex items-center cursor-pointer accordion-item-heading\">\n\t\t\t\t<h3 class=\"mr-4\">Is it possible to get something to eat at The Viking Museum?<\/h3>\n\t\t\t\t\n\t\t\t\t<div class=\"accordion-icon\">\n\t\t\t\t\t<svg xmlns=\"http:\/\/www.w3.org\/2000\/svg\" fill=\"none\" viewBox=\"0 0 24 24\" stroke-width=\"1.5\" stroke=\"currentColor\" class=\"w-6 h-6\">\n\t\t\t\t\t\t<path stroke-linecap=\"round\" stroke-linejoin=\"round\" d=\"m19.5 8.25-7.5 7.5-7.5-7.5\" \/>\n\t\t\t\t\t<\/svg>\n\t\t\t\t<\/div>\n\t\t\t<\/div>\n\t\t\t<div class=\"accordion-item-content\"><p>Inside The Viking Museum you will also find Eld restaurant. The menu offers quality dishes with Nordic influences. There is also a wide selection of organic pastries, buns and cookies. Children-friendly dishes and vegetarian options are also available.   <\/p>\n<p>We do not have a space for consuming food that has been brought from outside. Food and open containers of drinks are not allowed in the exhibition or in the ride.<\/p>\n<\/div>\n\t\t<\/div>\n\t\t\n\n\n\t\t\t<div class=\"accordion-item\">\n\t\t\t<div class=\"flex items-center cursor-pointer accordion-item-heading\">\n\t\t\t\t<h3 class=\"mr-4\">Can I visit Restaurant Eld without paying the entrance fee to the museum? <\/h3>\n\t\t\t\t\n\t\t\t\t<div class=\"accordion-icon\">\n\t\t\t\t\t<svg xmlns=\"http:\/\/www.w3.org\/2000\/svg\" fill=\"none\" viewBox=\"0 0 24 24\" stroke-width=\"1.5\" stroke=\"currentColor\" class=\"w-6 h-6\">\n\t\t\t\t\t\t<path stroke-linecap=\"round\" stroke-linejoin=\"round\" d=\"m19.5 8.25-7.5 7.5-7.5-7.5\" \/>\n\t\t\t\t\t<\/svg>\n\t\t\t\t<\/div>\n\t\t\t<\/div>\n\t\t\t<div class=\"accordion-item-content\"><p>You are very welcome to visit our restaurant without paying the entrance fee. The same goes for our museum shop. <\/p>\n<\/div>\n\t\t<\/div>\n\t\t\n\n\n\n<div class=\"wp-block-group is-layout-constrained wp-block-group-is-layout-constrained\">\n<h2 class=\"wp-block-heading\">Other questions<\/h2>\n\n\n\t\t\t<div class=\"accordion-item\">\n\t\t\t<div class=\"flex items-center cursor-pointer accordion-item-heading\">\n\t\t\t\t<h3 class=\"mr-4\">Did the Vikings have horns on their helmets?<\/h3>\n\t\t\t\t\n\t\t\t\t<div class=\"accordion-icon\">\n\t\t\t\t\t<svg xmlns=\"http:\/\/www.w3.org\/2000\/svg\" fill=\"none\" viewBox=\"0 0 24 24\" stroke-width=\"1.5\" stroke=\"currentColor\" class=\"w-6 h-6\">\n\t\t\t\t\t\t<path stroke-linecap=\"round\" stroke-linejoin=\"round\" d=\"m19.5 8.25-7.5 7.5-7.5-7.5\" \/>\n\t\t\t\t\t<\/svg>\n\t\t\t\t<\/div>\n\t\t\t<\/div>\n\t\t\t<div class=\"accordion-item-content\"><p>No, the Vikings did not have horns on their helmets. This is a myth that started in the 19th century, when Richard Wagner used horned helmets as costumes in his opera The Ring of the Nibelung. <\/p>\n<\/div>\n\t\t<\/div>\n\t\t\n<\/div>\n<\/div>\n","protected":false},"excerpt":{"rendered":"<p>Here you will find the answers to some of our most frequently asked questions. Don\u2019t hesitate to contact us if your question is still unanswered. Plan your visit Payment and Tickets Ragnfrid&#8217;s Saga Accessibility Food and Beverages Other questions<\/p>\n","protected":false},"author":1,"featured_media":2555,"parent":0,"menu_order":0,"comment_status":"closed","ping_status":"closed","template":"sub-page.php","meta":{"_acf_changed":false,"footnotes":""},"class_list":["post-1069","page","type-page","status-publish","has-post-thumbnail","hentry"],"acf":[],"_links":{"self":[{"href":"https:\/\/thevikingmuseum.com\/en\/wp-json\/wp\/v2\/pages\/1069","targetHints":{"allow":["GET"]}}],"collection":[{"href":"https:\/\/thevikingmuseum.com\/en\/wp-json\/wp\/v2\/pages"}],"about":[{"href":"https:\/\/thevikingmuseum.com\/en\/wp-json\/wp\/v2\/types\/page"}],"author":[{"embeddable":true,"href":"https:\/\/thevikingmuseum.com\/en\/wp-json\/wp\/v2\/users\/1"}],"replies":[{"embeddable":true,"href":"https:\/\/thevikingmuseum.com\/en\/wp-json\/wp\/v2\/comments?post=1069"}],"version-history":[{"count":16,"href":"https:\/\/thevikingmuseum.com\/en\/wp-json\/wp\/v2\/pages\/1069\/revisions"}],"predecessor-version":[{"id":4689,"href":"https:\/\/thevikingmuseum.com\/en\/wp-json\/wp\/v2\/pages\/1069\/revisions\/4689"}],"wp:featuredmedia":[{"embeddable":true,"href":"https:\/\/thevikingmuseum.com\/en\/wp-json\/wp\/v2\/media\/2555"}],"wp:attachment":[{"href":"https:\/\/thevikingmuseum.com\/en\/wp-json\/wp\/v2\/media?parent=1069"}],"curies":[{"name":"wp","href":"https:\/\/api.w.org\/{rel}","templated":true}]}}