

{"id":1077,"date":"2024-04-03T12:40:47","date_gmt":"2024-04-03T10:40:47","guid":{"rendered":"https:\/\/thevikingmuseum.com\/restaurant-eld\/"},"modified":"2026-04-17T11:07:13","modified_gmt":"2026-04-17T09:07:13","slug":"restaurant-eld","status":"publish","type":"page","link":"https:\/\/thevikingmuseum.com\/en\/restaurant-eld\/","title":{"rendered":"Restaurant Eld"},"content":{"rendered":"\n<h2 class=\"wp-block-heading\">Opening Hours<\/h2>\n\n\n\n<p>Sunday-Wednesday 11.00-17.00<br>Thursday-Friday 11.00-20.00<br>Saturday 11.00-21.30<\/p>\n\n\n\n<div class=\"wp-block-buttons is-layout-flex wp-block-buttons-is-layout-flex\">\n<div class=\"wp-block-button\"><a class=\"wp-block-button__link has-background wp-element-button\" href=\"https:\/\/widget.truebooking.se\/h\/Sq1bYg\" style=\"background-color:#cf9e00\" target=\"_blank\" rel=\"noreferrer noopener\">Book a Table<\/a><\/div>\n<\/div>\n\n\n\n<div style=\"height:25px\" aria-hidden=\"true\" class=\"wp-block-spacer\"><\/div>\n\n\n\n<p>Are you a larger group or wish to book a private event? You are welcome to <a href=\"mailto:eld@thevikingmuseum.com\">send a booking request via email<\/a>. <\/p>\n\n\n\n<p><\/p>\n\n\n\n<div class=\"wp-block-buttons is-layout-flex wp-block-buttons-is-layout-flex\">\n<div class=\"wp-block-button\"><a class=\"wp-block-button__link wp-element-button\" href=\"https:\/\/thevikingmuseum.com\/wp-content\/uploads\/2026\/03\/ELD_Dagsmeny_ENG-1.pdf\" target=\"_blank\" rel=\"noreferrer noopener\">Day menu<\/a><\/div>\n\n\n\n<div class=\"wp-block-button\"><a class=\"wp-block-button__link wp-element-button\" href=\"https:\/\/thevikingmuseum.com\/wp-content\/uploads\/2026\/03\/ELD_Kvallsmeny_ENG-1.pdf\" target=\"_blank\" rel=\"noreferrer noopener\">Evening menu<\/a><\/div>\n\n\n\n<div class=\"wp-block-button\"><a class=\"wp-block-button__link wp-element-button\" href=\"https:\/\/thevikingmuseum.com\/wp-content\/uploads\/2026\/03\/DRYCK_ENG.pdf\" target=\"_blank\" rel=\"noreferrer noopener\">Drink menu<\/a><\/div>\n<\/div>\n\n\n\n<div style=\"height:25px\" aria-hidden=\"true\" class=\"wp-block-spacer\"><\/div>\n\n\n\n<h2 class=\"wp-block-heading\">Restaurang Eld \u2013 A Nordic Restaurant on Djurg\u00e5rden<\/h2>\n\n\n\n<p>Eld is a waterfront restaurant on Djurg\u00e5rden in Stockholm. The restaurant is deeply rooted in seasonal ingredients, refined craftsmanship, and a living relationship with Nordic nature. <\/p>\n\n\n\n<p>The kitchen is built on carefully selected produce; game from Swedish forests, fish and seafood from cold waters, as well as house-made and locally sourced ingredients that reflect the rhythm of the seasons.<\/p>\n\n\n\n<p>Restaurant Eld is led by Head Chef Irene Frantzen, who draws inspiration from her Ukrainian heritage. With a strong personal identity, Irene creates cuisine that is both precise and expressive.<\/p>\n\n\n\n<p>Each dish is shaped with a focus on balance, intensity, and detail, where fire, fermentation, and time are central tools.<\/p>\n\n\n\n<p>The ambition is simple yet uncompromising:<em> to create food that looks like art and tastes like something you remember.<\/em><\/p>\n\n\n\n<p>With us, you are welcomed by warm and personal service in an atmospheric setting. A natural destination to pause, enjoy, and return to. <\/p>\n\n\n\n<p><\/p>\n\n\n\n<p>Book your table and let us take care of the rest.<\/p>\n\n\n\n<p><\/p>\n\n\n\n<div class=\"wp-block-buttons is-layout-flex wp-block-buttons-is-layout-flex\">\n<div class=\"wp-block-button\"><a class=\"wp-block-button__link wp-element-button\" href=\"https:\/\/s1-the_viking_museum_restaurant_ab.widget.truebooking.se\/f1\/?identifier=5028c3af-1070-4847-85f7-f50c1d6cce8e\">Book a Table<\/a><\/div>\n<\/div>\n\n\n\n<p><\/p>\n\n\n\n<p>Open to all guests \u2013 no museum ticket required.<\/p>\n\n\n\n<p><\/p>\n\n\n\n<div style=\"height:0px\" aria-hidden=\"true\" class=\"wp-block-spacer\"><\/div>\n\n\n\n<div style=\"height:0px\" aria-hidden=\"true\" class=\"wp-block-spacer\"><\/div>\n\n\n\n<div class=\"wp-block-media-text has-media-on-the-right is-stacked-on-mobile is-image-fill-element\" style=\"grid-template-columns:auto 60%\"><div class=\"wp-block-media-text__content\">\n<h2 class=\"wp-block-heading\">Reserve the restaurant<\/h2>\n\n\n\n<p>With our beautiful view over the Wasa harbor and Skeppsholmen, our beautiful facilities are perfect for parties \u2013 whether it\u2019s a wedding, a birthday celebration or a kick-off.<\/p>\n\n\n\n<p>The restaurant will of course help you tailor a menu after your needs and requests.<\/p>\n\n\n\n<div class=\"wp-block-buttons is-layout-flex wp-block-buttons-is-layout-flex\">\n<div class=\"wp-block-button\"><a class=\"wp-block-button__link wp-element-button\" href=\"https:\/\/thevikingmuseum.com\/en\/historical-events-and-parties\/\">Read more<\/a><\/div>\n<\/div>\n<\/div><figure class=\"wp-block-media-text__media\"><img loading=\"lazy\" decoding=\"async\" width=\"2048\" height=\"1365\" src=\"https:\/\/thevikingmuseum.com\/wp-content\/uploads\/2025\/06\/Restaurang-Eld-2025-x-Memento-Event-043-2048x1365.jpg\" alt=\"\" class=\"wp-image-3321 size-full\" style=\"object-position:50% 50%\" srcset=\"https:\/\/thevikingmuseum.com\/wp-content\/uploads\/2025\/06\/Restaurang-Eld-2025-x-Memento-Event-043-2048x1365.jpg 2048w, https:\/\/thevikingmuseum.com\/wp-content\/uploads\/2025\/06\/Restaurang-Eld-2025-x-Memento-Event-043-600x400.jpg 600w, https:\/\/thevikingmuseum.com\/wp-content\/uploads\/2025\/06\/Restaurang-Eld-2025-x-Memento-Event-043-768x512.jpg 768w, https:\/\/thevikingmuseum.com\/wp-content\/uploads\/2025\/06\/Restaurang-Eld-2025-x-Memento-Event-043-1536x1024.jpg 1536w\" sizes=\"auto, (max-width: 2048px) 100vw, 2048px\" \/><\/figure><\/div>\n\n\n\n<div class=\"wp-block-media-text is-stacked-on-mobile is-image-fill-element\" style=\"grid-template-columns:60% auto\"><figure class=\"wp-block-media-text__media\"><img loading=\"lazy\" decoding=\"async\" width=\"2048\" height=\"1365\" src=\"https:\/\/thevikingmuseum.com\/wp-content\/uploads\/2025\/06\/Restaurang-Eld-2025-x-Memento-Event-036-2048x1365.jpg\" alt=\"\" class=\"wp-image-3301 size-full\" style=\"object-position:50% 50%\" srcset=\"https:\/\/thevikingmuseum.com\/wp-content\/uploads\/2025\/06\/Restaurang-Eld-2025-x-Memento-Event-036-2048x1365.jpg 2048w, https:\/\/thevikingmuseum.com\/wp-content\/uploads\/2025\/06\/Restaurang-Eld-2025-x-Memento-Event-036-600x400.jpg 600w, https:\/\/thevikingmuseum.com\/wp-content\/uploads\/2025\/06\/Restaurang-Eld-2025-x-Memento-Event-036-768x512.jpg 768w, https:\/\/thevikingmuseum.com\/wp-content\/uploads\/2025\/06\/Restaurang-Eld-2025-x-Memento-Event-036-1536x1024.jpg 1536w\" sizes=\"auto, (max-width: 2048px) 100vw, 2048px\" \/><\/figure><div class=\"wp-block-media-text__content\">\n<h2 class=\"wp-block-heading\">Outdoor Seating: Summer Edition<\/h2>\n\n\n\n<p>Fr\u00e5n och med april h\u00e5ller v\u00e5r uteservering \u00f6ppet varje dag (s\u00e5 l\u00e4nge v\u00e4dret till\u00e5ter).<\/p>\n\n\n\n<p>In May, we launch our outdoor menu featuring classic Swedish summer dishes.<\/p>\n<\/div><\/div>\n\n\n\n<div class=\"wp-block-media-text has-media-on-the-right is-stacked-on-mobile is-image-fill-element\" style=\"grid-template-columns:auto 60%\"><div class=\"wp-block-media-text__content\">\n<h2 class=\"wp-block-heading\">Mead tasting with a guide<\/h2>\n\n\n\n<p>We offer mead tastings! It will be a taste journey through the history of the mythical mead that you and your company will never forget. If you have a burning interest in mead, beer or history, this deep dive into the Vikings&#8217; favorite drink is for you.  <\/p>\n\n\n\n<div class=\"wp-block-buttons is-layout-flex wp-block-buttons-is-layout-flex\">\n<div class=\"wp-block-button\"><a class=\"wp-block-button__link wp-element-button\" href=\"https:\/\/thevikingmuseum.com\/en\/2025\/09\/01\/mead-tasting\/\" target=\"_blank\" rel=\"noreferrer noopener\">Read more<\/a><\/div>\n<\/div>\n<\/div><figure class=\"wp-block-media-text__media\"><img loading=\"lazy\" decoding=\"async\" width=\"1890\" height=\"1261\" src=\"https:\/\/thevikingmuseum.com\/wp-content\/uploads\/2025\/10\/450A2879-2.jpg\" alt=\"\" class=\"wp-image-4089 size-full\" style=\"object-position:50% 50%\" srcset=\"https:\/\/thevikingmuseum.com\/wp-content\/uploads\/2025\/10\/450A2879-2.jpg 1890w, https:\/\/thevikingmuseum.com\/wp-content\/uploads\/2025\/10\/450A2879-2-600x400.jpg 600w, https:\/\/thevikingmuseum.com\/wp-content\/uploads\/2025\/10\/450A2879-2-768x512.jpg 768w, https:\/\/thevikingmuseum.com\/wp-content\/uploads\/2025\/10\/450A2879-2-1536x1025.jpg 1536w\" sizes=\"auto, (max-width: 1890px) 100vw, 1890px\" \/><\/figure><\/div>\n\n\n\n<div class=\"wp-block-media-text is-stacked-on-mobile is-image-fill-element\" style=\"grid-template-columns:60% auto\"><figure class=\"wp-block-media-text__media\"><img loading=\"lazy\" decoding=\"async\" width=\"2048\" height=\"1365\" src=\"https:\/\/thevikingmuseum.com\/wp-content\/uploads\/2025\/04\/Mjodprovning-The-Viking-Museum-2048x1365.jpg\" alt=\"\" class=\"wp-image-2585 size-full\" style=\"object-position:50% 50%\" srcset=\"https:\/\/thevikingmuseum.com\/wp-content\/uploads\/2025\/04\/Mjodprovning-The-Viking-Museum-2048x1365.jpg 2048w, https:\/\/thevikingmuseum.com\/wp-content\/uploads\/2025\/04\/Mjodprovning-The-Viking-Museum-600x400.jpg 600w, https:\/\/thevikingmuseum.com\/wp-content\/uploads\/2025\/04\/Mjodprovning-The-Viking-Museum-768x512.jpg 768w, https:\/\/thevikingmuseum.com\/wp-content\/uploads\/2025\/04\/Mjodprovning-The-Viking-Museum-1536x1024.jpg 1536w\" sizes=\"auto, (max-width: 2048px) 100vw, 2048px\" \/><\/figure><div class=\"wp-block-media-text__content\">\n<h2 class=\"wp-block-heading\">Do-it-yourself mead tasting<\/h2>\n\n\n\n<p>If you would rather try mead on your own, you can add a mead tasting tray when you buy your entrance ticket to The Viking Museum. You can choose three kinds of mead and one braggot. An information sheet is included.  <\/p>\n\n\n\n<p>This offer is available every day and can be added as an option when purchasing your ticket online or directly at the restaurant.<\/p>\n<\/div><\/div>\n\n\n\n<div class=\"wp-block-media-text has-media-on-the-right is-stacked-on-mobile\"><div class=\"wp-block-media-text__content\">\n<h2 class=\"wp-block-heading\">Christmas dinner<\/h2>\n\n\n\n<p>Restaurant Eld presents the most atmospheric Christmas dining of the year! The dining room, overlooking the wintry views of Skeppsholmen and Wasahamnen, is decked from floor to ceiling with festive d\u00e9cor \u2014 complete with a magnificent Christmas tree and a tempting table of sweets. <\/p>\n\n\n\n<p>Instead of a buffet, traditional Swedish Christmas dishes are served directly to your table in three courses, all with a modern twist. Every dish is prepared from scratch using Swedish ingredients, with a focus on game meat and sustainability. <\/p>\n\n\n\n<div class=\"wp-block-buttons is-layout-flex wp-block-buttons-is-layout-flex\">\n<div class=\"wp-block-button\"><a class=\"wp-block-button__link wp-element-button\" href=\"mailto:johanna@thevikingmuseum.com\">Send booking request<\/a><\/div>\n<\/div>\n<\/div><figure class=\"wp-block-media-text__media\"><img loading=\"lazy\" decoding=\"async\" width=\"2048\" height=\"1365\" src=\"https:\/\/thevikingmuseum.com\/wp-content\/uploads\/2025\/10\/Julbord-84-2048x1365.jpg\" alt=\"\" class=\"wp-image-4402 size-full\" srcset=\"https:\/\/thevikingmuseum.com\/wp-content\/uploads\/2025\/10\/Julbord-84-2048x1365.jpg 2048w, https:\/\/thevikingmuseum.com\/wp-content\/uploads\/2025\/10\/Julbord-84-600x400.jpg 600w, https:\/\/thevikingmuseum.com\/wp-content\/uploads\/2025\/10\/Julbord-84-768x512.jpg 768w, https:\/\/thevikingmuseum.com\/wp-content\/uploads\/2025\/10\/Julbord-84-1536x1024.jpg 1536w\" sizes=\"auto, (max-width: 2048px) 100vw, 2048px\" \/><\/figure><\/div>\n\n\n\n<p><\/p>\n\n\n\n<h3 class=\"wp-block-heading\">Follow Restaurant Eld on social media<\/h3>\n\n\n\n<figure class=\"wp-block-image size-full is-resized\"><a href=\"<!--[CDATA[https:\/\/www.instagram.com\/restaurangeld\/]]--&gt;\" target=\"_blank\" rel=\" noreferrer noopener\"><img loading=\"lazy\" decoding=\"async\" width=\"50\" height=\"50\" src=\"https:\/\/thevikingmuseum.com\/wp-content\/uploads\/2025\/03\/icons8-instagram-50-2.png\" alt=\"\" class=\"wp-image-2429\" style=\"width:70px;height:auto\"\/><\/a><\/figure>\n\n\n\n<p><\/p>\n","protected":false},"excerpt":{"rendered":"<p>Opening Hours Sunday-Wednesday 11.00-17.00Thursday-Friday 11.00-20.00Saturday 11.00-21.30 Are you a larger group or wish to book a private event? You are welcome to send a booking request via email. Restaurang Eld \u2013 A Nordic Restaurant on Djurg\u00e5rden Eld is a waterfront restaurant on Djurg\u00e5rden in Stockholm. The restaurant is deeply rooted in seasonal ingredients, refined craftsmanship, [&hellip;]<\/p>\n","protected":false},"author":1,"featured_media":4007,"parent":0,"menu_order":0,"comment_status":"closed","ping_status":"closed","template":"sub-page.php","meta":{"_acf_changed":false,"footnotes":""},"class_list":["post-1077","page","type-page","status-publish","has-post-thumbnail","hentry"],"acf":[],"_links":{"self":[{"href":"https:\/\/thevikingmuseum.com\/en\/wp-json\/wp\/v2\/pages\/1077","targetHints":{"allow":["GET"]}}],"collection":[{"href":"https:\/\/thevikingmuseum.com\/en\/wp-json\/wp\/v2\/pages"}],"about":[{"href":"https:\/\/thevikingmuseum.com\/en\/wp-json\/wp\/v2\/types\/page"}],"author":[{"embeddable":true,"href":"https:\/\/thevikingmuseum.com\/en\/wp-json\/wp\/v2\/users\/1"}],"replies":[{"embeddable":true,"href":"https:\/\/thevikingmuseum.com\/en\/wp-json\/wp\/v2\/comments?post=1077"}],"version-history":[{"count":119,"href":"https:\/\/thevikingmuseum.com\/en\/wp-json\/wp\/v2\/pages\/1077\/revisions"}],"predecessor-version":[{"id":5788,"href":"https:\/\/thevikingmuseum.com\/en\/wp-json\/wp\/v2\/pages\/1077\/revisions\/5788"}],"wp:featuredmedia":[{"embeddable":true,"href":"https:\/\/thevikingmuseum.com\/en\/wp-json\/wp\/v2\/media\/4007"}],"wp:attachment":[{"href":"https:\/\/thevikingmuseum.com\/en\/wp-json\/wp\/v2\/media?parent=1077"}],"curies":[{"name":"wp","href":"https:\/\/api.w.org\/{rel}","templated":true}]}}