

{"id":2610,"date":"2025-04-28T17:51:56","date_gmt":"2025-04-28T15:51:56","guid":{"rendered":"https:\/\/thevikingmuseum.com\/?page_id=2610"},"modified":"2026-03-24T16:01:06","modified_gmt":"2026-03-24T15:01:06","slug":"bienvenido-al-museo-vikingo","status":"publish","type":"page","link":"https:\/\/thevikingmuseum.com\/es\/bienvenido-al-museo-vikingo\/","title":{"rendered":"Bienvenido a The Viking Museum en Djurg\u00e5rden, Estocolmo"},"content":{"rendered":"\n<p>Descubre la Era Vikinga de nuevas maneras. En el hermoso Djurg\u00e5rden, en el coraz\u00f3n de Estocolmo, se encuentra The Viking Museum, un museo experiencial donde la historia, los mitos y la arqueolog\u00eda se unen en un entorno vivo e interactivo.<\/p>\n\n\n\n<h2 class=\"wp-block-heading\">Un museo vikingo para todas las edades<\/h2>\n\n\n\n<p>\u00bfQui\u00e9nes eran realmente los vikingos? \u00bfEran solo guerreros saqueadores, como a menudo los presenta la cultura popular?<br>&nbsp;En The Viking Museum obtendr\u00e1s una comprensi\u00f3n matizada y basada en la historia de la era Vikinga. Aqu\u00ed encontrar\u00e1s relatos sobre mujeres, ni\u00f1os y hombres que viv\u00edan en granjas en Escandinavia, as\u00ed como sobre valientes marineros que viajaban por Europa en expediciones de comercio y saqueo.<\/p>\n\n\n\n<p>Nuestra exposici\u00f3n interactiva incluye objetos arqueol\u00f3gicos, entornos reconstruidos hist\u00f3ricamente y estaciones informativas que ofrecen una experiencia atractiva tanto para ni\u00f1os como para adultos. Nuestros gu\u00edas, vestidos con indumentaria de la \u00e9poca vikinga, est\u00e1n presentes para responder preguntas y dar vida a la historia a trav\u00e9s de relatos personales.<\/p>\n\n\n\n<h2 class=\"wp-block-heading\">Audiogu\u00eda en 10 idiomas<\/h2>\n\n\n\n<p>Explora la exposici\u00f3n a tu propio ritmo con nuestra audiogu\u00eda gratuita, disponible en diez idiomas directamente en tu tel\u00e9fono, tambi\u00e9n en espa\u00f1ol. Solo necesitas un tel\u00e9fono y tus propios auriculares. Tenemos Wi-Fi gratuito disponible.<\/p>\n\n\n\n<h2 class=\"wp-block-heading\">Acompa\u00f1a el viaje de Ragnfrid<\/h2>\n\n\n\n<p>Una de las experiencias m\u00e1s valoradas del museo es el recorrido dramatizado Ragnfrids saga. Viaja por la Europa del siglo X y sigue a Harald en su viaje hacia un mundo m\u00e1s amplio, donde le esperan el comercio y los saqueos. Es una historia de familia, valent\u00eda, tristeza y amor, inspirada en hechos hist\u00f3ricos.<\/p>\n\n\n\n<h2 class=\"wp-block-heading\">Descubre la vida cotidiana, los viajes y la mitolog\u00eda de la Era Vikinga\u00a0<\/h2>\n\n\n\n<p>Ad\u00e9ntrate en el mundo de los vikingos. A trav\u00e9s de pel\u00edculas, paisajes sonoros envolventes, objetos aut\u00e9nticos y entornos reconstruidos escenogr\u00e1ficamente, una de las \u00e9pocas m\u00e1s fascinantes de Escandinavia cobra vida.<br>&nbsp;Podr\u00e1s explorar:<br>&nbsp;\u2013 Viajes y comercio a lo largo de los r\u00edos y costas de Europa<br>&nbsp;\u2013 Estructuras sociales y vida familiar<br>&nbsp;\u2013 Artesan\u00eda y tradiciones<br>&nbsp;\u2013 Creencias, mitolog\u00eda y visi\u00f3n del mundo<\/p>\n\n\n\n<h2 class=\"wp-block-heading\">Bienvenido a la tienda del museo\u00a0<\/h2>\n\n\n\n<p>Nuestra tienda es un verdadero tesoro. Aqu\u00ed encontrar\u00e1s artesan\u00eda escandinava y accesorios, as\u00ed como recuerdos y regalos \u00fanicos. Ofrecemos una amplia variedad de productos inspirados en los vikingos, desde t\u00e9, mermelada y regaliz island\u00e9s hasta joyas, cuernos para beber y cascos vikingos hist\u00f3ricamente precisos. Por supuesto, tambi\u00e9n contamos con libros para ni\u00f1os y adultos sobre diversos temas de la Era Vikinga.<\/p>\n\n\n\n<h2 class=\"wp-block-heading\">Restaurante Eld \u2013 una experiencia gastron\u00f3mica n\u00f3rdica<\/h2>\n\n\n\n<p>Bienvenido al Restaurante Eld, donde los ingredientes y la temporada marcan la direcci\u00f3n. Disfruta de comida elaborada desde cero en nuestra cocina con ingredientes locales y n\u00f3rdicos.<br>&nbsp;Nuestro men\u00fa cambia seg\u00fan los ingredientes de temporada y tenemos en cuenta la sostenibilidad en nuestra actividad. Trabajamos en estrecha colaboraci\u00f3n con nuestros proveedores y dejamos que la calidad y el sabor gu\u00eden cada plato. La comida est\u00e1 pensada para nutrir, emocionar y contar una historia.<\/p>\n\n\n\n<h2 class=\"wp-block-heading\">Planea tu visita<\/h2>\n\n\n\n<p><strong>The Viking Museum en Djurg\u00e5rden ofrece la oportunidad de vivir la Era Vikinga<\/strong> de una manera moderna y atractiva, para turistas internacionales, familias con ni\u00f1os, grupos escolares y residentes de Estocolmo.<\/p>\n\n\n\n<p>Planifica tu visita y participa en una experiencia donde la autenticidad hist\u00f3rica se encuentra con la narrativa contempor\u00e1nea, en el coraz\u00f3n de Estocolmo.<\/p>\n\n\n\n<div class=\"wp-block-buttons is-layout-flex wp-block-buttons-is-layout-flex\">\n<div class=\"wp-block-button\"><a class=\"wp-block-button__link wp-element-button\" href=\"https:\/\/thevikingmuseum.com\/en\/buy-tickets\/\" target=\"_blank\" rel=\"noreferrer noopener\">Comprar entradas<\/a><\/div>\n<\/div>\n\n\n\n<div style=\"height:25px\" aria-hidden=\"true\" class=\"wp-block-spacer\"><\/div>\n\n\n\n<p><a href=\"https:\/\/thevikingmuseum.com\/en\/\" data-type=\"link\" data-id=\"https:\/\/thevikingmuseum.com\/en\/\" target=\"_blank\" rel=\"noreferrer noopener\">For further information please visit the English version of our website<\/a><\/p>\n","protected":false},"excerpt":{"rendered":"<p>Descubre la Era Vikinga de nuevas maneras. En el hermoso Djurg\u00e5rden, en el coraz\u00f3n de Estocolmo, se encuentra The Viking Museum, un museo experiencial donde la historia, los mitos y la arqueolog\u00eda se unen en un entorno vivo e interactivo. Un museo vikingo para todas las edades \u00bfQui\u00e9nes eran realmente los vikingos? \u00bfEran solo guerreros [&hellip;]<\/p>\n","protected":false},"author":1,"featured_media":0,"parent":0,"menu_order":0,"comment_status":"closed","ping_status":"closed","template":"sub-page.php","meta":{"_acf_changed":false,"footnotes":""},"class_list":["post-2610","page","type-page","status-publish","hentry"],"acf":[],"_links":{"self":[{"href":"https:\/\/thevikingmuseum.com\/es\/wp-json\/wp\/v2\/pages\/2610","targetHints":{"allow":["GET"]}}],"collection":[{"href":"https:\/\/thevikingmuseum.com\/es\/wp-json\/wp\/v2\/pages"}],"about":[{"href":"https:\/\/thevikingmuseum.com\/es\/wp-json\/wp\/v2\/types\/page"}],"author":[{"embeddable":true,"href":"https:\/\/thevikingmuseum.com\/es\/wp-json\/wp\/v2\/users\/1"}],"replies":[{"embeddable":true,"href":"https:\/\/thevikingmuseum.com\/es\/wp-json\/wp\/v2\/comments?post=2610"}],"version-history":[{"count":5,"href":"https:\/\/thevikingmuseum.com\/es\/wp-json\/wp\/v2\/pages\/2610\/revisions"}],"predecessor-version":[{"id":4995,"href":"https:\/\/thevikingmuseum.com\/es\/wp-json\/wp\/v2\/pages\/2610\/revisions\/4995"}],"wp:attachment":[{"href":"https:\/\/thevikingmuseum.com\/es\/wp-json\/wp\/v2\/media?parent=2610"}],"curies":[{"name":"wp","href":"https:\/\/api.w.org\/{rel}","templated":true}]}}