

{"id":2597,"date":"2025-04-28T17:48:11","date_gmt":"2025-04-28T15:48:11","guid":{"rendered":"https:\/\/thevikingmuseum.com\/?page_id=2597"},"modified":"2026-03-26T15:34:58","modified_gmt":"2026-03-26T14:34:58","slug":"tervetuloa-viikinkimuseoon","status":"publish","type":"page","link":"https:\/\/thevikingmuseum.com\/fi\/tervetuloa-viikinkimuseoon\/","title":{"rendered":"Tervetuloa The Viking Museumiin Djurg\u00e5rdenilla Tukholmassa"},"content":{"rendered":"\n<p>Tutustu viikinkiaikaan uusilla tavoilla. Kauniilla Djurg\u00e5rdenilla, Tukholman syd\u00e4mess\u00e4, sijaitsee The Viking Museum \u2013 el\u00e4myksellinen museo, jossa historia, myytit ja arkeologia kohtaavat el\u00e4v\u00e4ss\u00e4 ja vuorovaikutteisessa ymp\u00e4rist\u00f6ss\u00e4.<\/p>\n\n\n\n<h2 class=\"wp-block-heading\">Viikinkimuseo kaikenik\u00e4isille<\/h2>\n\n\n\n<p>Keit\u00e4 viikingit oikeastaan olivat? Olivatko he vain ry\u00f6stelevi\u00e4 sotureita, kuten populaarikulttuuri niin usein esitt\u00e4\u00e4?<br>The Viking Museumissa saat monipuolisen ja historiallisesti perustellun k\u00e4sityksen viikinkiajasta. T\u00e4\u00e4ll\u00e4 kohtaat kertomuksia naisista, lapsista ja miehist\u00e4, jotka eliv\u00e4t el\u00e4m\u00e4\u00e4ns\u00e4 Skandinavian maatiloilla \u2013 sek\u00e4 rohkeista merenkulkijoista, jotka matkustivat Euroopan halki kaupank\u00e4ynnin ja ry\u00f6st\u00f6retkien vuoksi.<br>Vuorovaikutteinen n\u00e4yttelymme sis\u00e4lt\u00e4\u00e4 arkeologisia esineit\u00e4, historiallisesti rekonstruoituja ymp\u00e4rist\u00f6j\u00e4 sek\u00e4 syvent\u00e4vi\u00e4 pisteit\u00e4, jotka tarjoavat mukaansatempaavan museokokemuksen sek\u00e4 lapsille ett\u00e4 aikuisille. Oppaamme, jotka ovat pukeutuneet viikinkiajan asuihin, ovat paikalla vastaamassa kysymyksiin ja her\u00e4tt\u00e4m\u00e4ss\u00e4 historian eloon henkil\u00f6kohtaisen tarinankerronnan kautta.<\/p>\n\n\n\n<h2 class=\"wp-block-heading\">\u00c4\u00e4niopas 10 kielell\u00e4<\/h2>\n\n\n\n<p>Tutustu n\u00e4yttelyyn omaan tahtiisi maksuttoman \u00e4\u00e4nioppaamme avulla, joka on saatavilla kymmenell\u00e4 kielell\u00e4 suoraan puhelimeesi, my\u00f6s suomeksi. Tarvitset vain puhelimen ja omat kuulokkeet. Ilmainen Wi-Fi on saatavilla.<\/p>\n\n\n\n<h2 class=\"wp-block-heading\">L\u00e4hde mukaan Ragnfridin matkalle<\/h2>\n\n\n\n<p>Yksi museon arvostetuimmista el\u00e4myksist\u00e4 on dramatisoitu ajelu Ragnfridin satu. Matkusta 900-luvun Euroopan halki ja seuraa Haraldia h\u00e4nen matkallaan laajempaan maailmaan, jossa kaupank\u00e4ynti ja ry\u00f6st\u00f6retket odottavat. Se on kertomus perheest\u00e4, rohkeudesta, surusta ja rakkaudesta \u2013 historiallisten tapahtumien inspiroima.<\/p>\n\n\n\n<h2 class=\"wp-block-heading\">Tutustu viikinkiajan arkeen, matkoihin ja mytologiaan<\/h2>\n\n\n\n<p>Astu suoraan viikinkien maailmaan. Elokuvien, mukaansatempaisevien, \u00e4\u00e4nimaisemien, autenttisten esineiden ja n\u00e4ytt\u00e4m\u00f6ll\u00e4 rekonstruoitujen ymp\u00e4rist\u00f6jen kautta her\u00e4\u00e4 eloon yksi Skandinavian kiehtovimmista aikakausista.<br>Tutustut viikinkiajan skandinaavien:<br>&nbsp;\u2013 Matkoihin ja kaupank\u00e4yntiin Euroopan jokien ja rannikkojen varrella<br>&nbsp;\u2013 Sosiaalisiin rakenteisiin ja perhe-el\u00e4m\u00e4\u00e4n<br>&nbsp;\u2013 K\u00e4sity\u00f6taitoihin ja perinteisiin<br>&nbsp;\u2013 Uskomuksiin, mytologiaan ja maailmankuvaan<\/p>\n\n\n\n<h2 class=\"wp-block-heading\">Tervetuloa museokauppaan<\/h2>\n\n\n\n<p>Myym\u00e4l\u00e4mme on todellinen aarreaitta. T\u00e4\u00e4lt\u00e4 l\u00f6yd\u00e4t skandinaavista k\u00e4sity\u00f6t\u00e4 ja asusteita sek\u00e4 ainutlaatuisia matkamuistoja ja lahjoja. Valikoimassamme on monipuolisesti viikinkiaiheisia tuotteita, aina teest\u00e4, hillosta ja islantilaisesta lakritsista koruihin, juomasarviin ja historiallisesti tarkkoihin viikinkikyp\u00e4riin. Tietenkin meilt\u00e4 l\u00f6ytyy my\u00f6s kirjoja kaikenik\u00e4isille viikinkiajan aiheista.<\/p>\n\n\n\n<h2 class=\"wp-block-heading\">Ravintola Eld \u2013 pohjoismainen ruokael\u00e4mys<\/h2>\n\n\n\n<p>Tervetuloa Ravintola Eldiin, jossa raaka-aine ja vuodenaika ohjaavat suuntaa. Nauti ravintolamme omassa keitti\u00f6ss\u00e4 tehdyst\u00e4 ruoasta joka valmistetaan paikalisista ja pohjosmaisista raaka-aineist\u00e4. Ruokalistamme muuttuu sesongin raaka-aineiden mukaan, ja huomioimme kest\u00e4v\u00e4n kehityksen toiminnassamme. Teemme tiivist\u00e4 yhteisty\u00f6t\u00e4 toimittajiemme kanssa ja annamme saatavuuden, laadun ja maun ohjata jokaista annosta. Ruoka on tarkoitettu sek\u00e4 ravitsemaan, koskettamaan ett\u00e4 kertomaan tarinaa.<\/p>\n\n\n\n<h2 class=\"wp-block-heading\">Suunnittele vierailusi<\/h2>\n\n\n\n<p>The Viking Museum Djurg\u00e5rdenilla tarjoaa mahdollisuuden kokea viikinkiaikaa\u00a0 modernilla ja mukaansatempaavalla tavalla \u2013 kansainv\u00e4lisille matkailijoille, lapsiperheille, kouluryhmille ja Tukholman asukkaille.<\/p>\n\n\n\n<p><br>Suunnittele vierailusi ja osallistu el\u00e4mykseen, jossa historiallinen autenttisuus kohtaa nykyaikaisen tarinankerronnan \u2013 Tukholman syd\u00e4mess\u00e4.<\/p>\n\n\n\n<p><\/p>\n\n\n\n<div class=\"wp-block-buttons is-layout-flex wp-block-buttons-is-layout-flex\">\n<div class=\"wp-block-button\"><a class=\"wp-block-button__link wp-element-button\" href=\"https:\/\/thevikingmuseum.com\/en\/buy-tickets\/\" target=\"_blank\" rel=\"noreferrer noopener\">Osta lippuja<\/a><\/div>\n<\/div>\n\n\n\n<div style=\"height:25px\" aria-hidden=\"true\" class=\"wp-block-spacer\"><\/div>\n\n\n\n<p><a href=\"https:\/\/thevikingmuseum.com\/en\/\" data-type=\"link\" data-id=\"https:\/\/thevikingmuseum.com\/en\/\" target=\"_blank\" rel=\"noreferrer noopener\">For further information please visit the English version of our website<\/a><\/p>\n\n\n\n<p><\/p>\n","protected":false},"excerpt":{"rendered":"<p>Tutustu viikinkiaikaan uusilla tavoilla. Kauniilla Djurg\u00e5rdenilla, Tukholman syd\u00e4mess\u00e4, sijaitsee The Viking Museum \u2013 el\u00e4myksellinen museo, jossa historia, myytit ja arkeologia kohtaavat el\u00e4v\u00e4ss\u00e4 ja vuorovaikutteisessa ymp\u00e4rist\u00f6ss\u00e4. Viikinkimuseo kaikenik\u00e4isille Keit\u00e4 viikingit oikeastaan olivat? Olivatko he vain ry\u00f6stelevi\u00e4 sotureita, kuten populaarikulttuuri niin usein esitt\u00e4\u00e4?The Viking Museumissa saat monipuolisen ja historiallisesti perustellun k\u00e4sityksen viikinkiajasta. T\u00e4\u00e4ll\u00e4 kohtaat kertomuksia naisista, lapsista [&hellip;]<\/p>\n","protected":false},"author":1,"featured_media":2613,"parent":0,"menu_order":0,"comment_status":"closed","ping_status":"closed","template":"sub-page.php","meta":{"_acf_changed":false,"footnotes":""},"class_list":["post-2597","page","type-page","status-publish","has-post-thumbnail","hentry"],"acf":[],"_links":{"self":[{"href":"https:\/\/thevikingmuseum.com\/fi\/wp-json\/wp\/v2\/pages\/2597","targetHints":{"allow":["GET"]}}],"collection":[{"href":"https:\/\/thevikingmuseum.com\/fi\/wp-json\/wp\/v2\/pages"}],"about":[{"href":"https:\/\/thevikingmuseum.com\/fi\/wp-json\/wp\/v2\/types\/page"}],"author":[{"embeddable":true,"href":"https:\/\/thevikingmuseum.com\/fi\/wp-json\/wp\/v2\/users\/1"}],"replies":[{"embeddable":true,"href":"https:\/\/thevikingmuseum.com\/fi\/wp-json\/wp\/v2\/comments?post=2597"}],"version-history":[{"count":7,"href":"https:\/\/thevikingmuseum.com\/fi\/wp-json\/wp\/v2\/pages\/2597\/revisions"}],"predecessor-version":[{"id":4993,"href":"https:\/\/thevikingmuseum.com\/fi\/wp-json\/wp\/v2\/pages\/2597\/revisions\/4993"}],"wp:featuredmedia":[{"embeddable":true,"href":"https:\/\/thevikingmuseum.com\/fi\/wp-json\/wp\/v2\/media\/2613"}],"wp:attachment":[{"href":"https:\/\/thevikingmuseum.com\/fi\/wp-json\/wp\/v2\/media?parent=2597"}],"curies":[{"name":"wp","href":"https:\/\/api.w.org\/{rel}","templated":true}]}}