

{"id":2601,"date":"2025-04-28T17:49:21","date_gmt":"2025-04-28T15:49:21","guid":{"rendered":"https:\/\/thevikingmuseum.com\/?page_id=2601"},"modified":"2025-09-02T13:23:09","modified_gmt":"2025-09-02T11:23:09","slug":"bienvenue-au-musee-viking","status":"publish","type":"page","link":"https:\/\/thevikingmuseum.com\/fr\/bienvenue-au-musee-viking\/","title":{"rendered":"Plongez dans l&rsquo;univers viking au mus\u00e9e viking\u00a0"},"content":{"rendered":"\n<p>L\u2019\u00e8re viking \u2013 une \u00e9poque de d\u00e9couvertes, de voyages commerciaux, de batailles et de mythes. Une \u00e9poque o\u00f9 les drakkars naviguaient sur les mers, charg\u00e9s de marchandises, de r\u00eaves et de courage, o\u00f9 les routes commerciales s\u2019\u00e9tendaient sur plusieurs continents et o\u00f9 les cultures se rencontraient dans le commerce comme dans le conflit. Les r\u00e9cits de dieux, de h\u00e9ros et de destins \u00e9taient cont\u00e9s au coin du feu dans les maisons longues, forgeant le mythe du Viking pour les si\u00e8cles \u00e0 venir.&nbsp;<\/p>\n\n\n\n<p>Au mus\u00e9e viking, ce monde reprend vie. Une exp\u00e9rience unique attend toute la famille, avec des visites guid\u00e9es, une attraction immersive et des saveurs nordiques au restaurant Eld. Plongez dans la p\u00e9riode la plus l\u00e9gendaire de l\u2019histoire scandinave.&nbsp;<\/p>\n\n\n\n<h2 class=\"wp-block-heading\">Expositions interactives<strong>&nbsp;<\/strong><\/h2>\n\n\n\n<p>Les expositions du mus\u00e9e pr\u00e9sentent des objets authentiques et des r\u00e9pliques, des d\u00e9cors immersifs, des films, des ambiances sonores et des stations permettant aux petits comme aux grands de d\u00e9couvrir la vie quotidienne, les croyances, le commerce et les voyages des Vikings.&nbsp;<\/p>\n\n\n\n<h2 class=\"wp-block-heading\">Visites guid\u00e9es avec des Vikings&nbsp;<\/h2>\n\n\n\n<p>Chaque heure, nos guides passionn\u00e9s en costume d\u2019\u00e9poque vous invitent \u00e0 plonger dans l\u2019univers fascinant des Vikings. Lors de ces visites guid\u00e9es, d\u00e9couvrez l&rsquo;histoire de leurs voyages, leur quotidien et leurs aventures. Les visites sont propos\u00e9es en su\u00e9dois et en anglais et sont incluses dans le prix du billet.&nbsp;<\/p>\n\n\n\n<h2 class=\"wp-block-heading\">La saga de Ragnfrid \u2013 une aventure viking inoubliable<\/h2>\n\n\n\n<p>Embarquez pour un voyage dramatique et enrichissant \u00e0 travers l\u2019Europe du Xe si\u00e8cle. Suivez Ragnfrid et sa famille dans une aventure o\u00f9 se m\u00ealent commerce, batailles et vie \u00e0 la ferme. L\u2019attraction dure 11 minutes et est disponible en neuf langues, dont le fran\u00e7ais.&nbsp;<\/p>\n\n\n\n<h2 class=\"wp-block-heading\">La boutique du mus\u00e9e \u2013 emportez l\u2019univers viking chez vous&nbsp;<\/h2>\n\n\n\n<p>Dans la boutique du mus\u00e9e, vous trouverez des bijoux, des produits artisanaux et locaux, des livres, des jouets et des cadeaux uniques inspir\u00e9s de l\u2019univers viking, pour petits et grands.&nbsp;<\/p>\n\n\n\n<h2 class=\"wp-block-heading\">Restaurant Eld \u2013 des saveurs venues du Nord&nbsp;<\/h2>\n\n\n\n<p>Savourez une cuisine pr\u00e9par\u00e9e \u00e0 partir d\u2019ingr\u00e9dients locaux et nordiques, profitez d\u2019une pause \u00ab fika \u00bb \u00e0 la su\u00e9doise ou d\u00e9tendez-vous autour d\u2019un verre en admirant la vue imprenable sur les eaux de Stockholm. Des d\u00e9gustations d\u2019hydromel sont \u00e9galement propos\u00e9es pour ceux qui souhaitent go\u00fbter \u00e0 la boisson festive des Vikings.&nbsp;<\/p>\n\n\n\n<h2 class=\"wp-block-heading\">Audioguide en 10 langues&nbsp;<\/h2>\n\n\n\n<p>Explorez l\u2019exposition \u00e0 votre rythme gr\u00e2ce \u00e0 notre audioguide gratuit, disponible en dix langues, dont le fran\u00e7ais, directement sur votre t\u00e9l\u00e9phone. Utilisez votre propre smartphone et \u00e9couteurs. Le mus\u00e9e dispose d\u2019un r\u00e9seau Wi-Fi gratuit.&nbsp;<\/p>\n\n\n\n<h2 class=\"wp-block-heading\">Tout est inclus dans le billet&nbsp;<\/h2>\n\n\n\n<p>La visite guid\u00e9e, la saga de Ragnfrid, l\u2019audioguide et l\u2019ensemble des expositions sont inclus dans le prix du billet.&nbsp;<\/p>\n\n\n\n<h2 class=\"wp-block-heading\">O\u00f9 nous trouver \u2013 simple et pratique&nbsp;<\/h2>\n\n\n\n<p>The Viking Museum est situ\u00e9 sur l\u2019\u00eele de Djurg\u00e5rden, au c\u0153ur de Stockholm, \u00e0 c\u00f4t\u00e9 du mus\u00e9e Vasa et de Skansen. On y acc\u00e8de facilement en tram, en bus, en ferry ou par une belle promenade depuis le centre-ville.\u00a0<\/p>\n\n\n\n<div class=\"wp-block-buttons is-layout-flex wp-block-buttons-is-layout-flex\">\n<div class=\"wp-block-button\"><a class=\"wp-block-button__link wp-element-button\" href=\"https:\/\/thevikingmuseum.com\/en\/buy-tickets\/\" target=\"_blank\" rel=\"noreferrer noopener\">Buy tickets<\/a><\/div>\n<\/div>\n\n\n\n<div style=\"height:25px\" aria-hidden=\"true\" class=\"wp-block-spacer\"><\/div>\n\n\n\n<p><a href=\"https:\/\/thevikingmuseum.com\/en\/\" data-type=\"link\" data-id=\"https:\/\/thevikingmuseum.com\/en\/\" target=\"_blank\" rel=\"noreferrer noopener\">For further information please visit the English version of our website<\/a><\/p>\n","protected":false},"excerpt":{"rendered":"<p>L\u2019\u00e8re viking \u2013 une \u00e9poque de d\u00e9couvertes, de voyages commerciaux, de batailles et de mythes. Une \u00e9poque o\u00f9 les drakkars naviguaient sur les mers, charg\u00e9s de marchandises, de r\u00eaves et de courage, o\u00f9 les routes commerciales s\u2019\u00e9tendaient sur plusieurs continents et o\u00f9 les cultures se rencontraient dans le commerce comme dans le conflit. Les r\u00e9cits [&hellip;]<\/p>\n","protected":false},"author":1,"featured_media":2615,"parent":0,"menu_order":0,"comment_status":"closed","ping_status":"closed","template":"sub-page.php","meta":{"_acf_changed":false,"footnotes":""},"class_list":["post-2601","page","type-page","status-publish","has-post-thumbnail","hentry"],"acf":[],"_links":{"self":[{"href":"https:\/\/thevikingmuseum.com\/fr\/wp-json\/wp\/v2\/pages\/2601","targetHints":{"allow":["GET"]}}],"collection":[{"href":"https:\/\/thevikingmuseum.com\/fr\/wp-json\/wp\/v2\/pages"}],"about":[{"href":"https:\/\/thevikingmuseum.com\/fr\/wp-json\/wp\/v2\/types\/page"}],"author":[{"embeddable":true,"href":"https:\/\/thevikingmuseum.com\/fr\/wp-json\/wp\/v2\/users\/1"}],"replies":[{"embeddable":true,"href":"https:\/\/thevikingmuseum.com\/fr\/wp-json\/wp\/v2\/comments?post=2601"}],"version-history":[{"count":5,"href":"https:\/\/thevikingmuseum.com\/fr\/wp-json\/wp\/v2\/pages\/2601\/revisions"}],"predecessor-version":[{"id":3740,"href":"https:\/\/thevikingmuseum.com\/fr\/wp-json\/wp\/v2\/pages\/2601\/revisions\/3740"}],"wp:featuredmedia":[{"embeddable":true,"href":"https:\/\/thevikingmuseum.com\/fr\/wp-json\/wp\/v2\/media\/2615"}],"wp:attachment":[{"href":"https:\/\/thevikingmuseum.com\/fr\/wp-json\/wp\/v2\/media?parent=2601"}],"curies":[{"name":"wp","href":"https:\/\/api.w.org\/{rel}","templated":true}]}}