

{"id":2604,"date":"2025-04-28T17:50:00","date_gmt":"2025-04-28T15:50:00","guid":{"rendered":"https:\/\/thevikingmuseum.com\/?page_id=2604"},"modified":"2026-03-26T16:20:30","modified_gmt":"2026-03-26T15:20:30","slug":"benvenuti-al-museo-dei-vichinghi","status":"publish","type":"page","link":"https:\/\/thevikingmuseum.com\/it\/benvenuti-al-museo-dei-vichinghi\/","title":{"rendered":"Benvenuti al The Viking Museum a Djurg\u00e5rden, Stoccolma"},"content":{"rendered":"\n<p>Scopri l\u2019epoca vichinga in nuovi modi. Nella splendida Djurg\u00e5rden, nel cuore di Stoccolma, si trova The Viking Museum \u2013 un museo interattivo dove storia, miti e archeologia si incontrano in un ambiente vivo e coinvolgente.<\/p>\n\n\n\n<h2 class=\"wp-block-heading\">Un museo vichingo per tutte le et\u00e0<\/h2>\n\n\n\n<p>Chi erano davvero i Vichinghi? Erano solo guerrieri e saccheggiatori, come spesso li rappresenta la cultura popolare?<br>Al The Viking Museum otterrai una comprensione profonda e storicamente fondata dell\u2019epoca vichinga. Qui incontrerai storie di donne, bambini e uomini che vivevano nelle fattorie della Scandinavia \u2013 cos\u00ec come di coraggiosi navigatori che viaggiavano in Europa e oltre per commerciare e saccheggiare.<br>La nostra mostra interattiva include reperti archeologici, ambienti storicamente ricostruiti e stazioni di approfondimento che offrono un\u2019esperienza coinvolgente per adulti e bambini. Le nostre guide, vestite con abiti dell\u2019epoca vichinga, sono presenti per rispondere alle domande e dare vita alla storia attraverso racconti personali.<\/p>\n\n\n\n<h2 class=\"wp-block-heading\">Audioguida in 10 lingue<\/h2>\n\n\n\n<p>Esplora la mostra col ritmo che preferisci con l\u2019aiuto della nostra audioguida gratuita, disponibile in dieci lingue direttamente sul tuo telefono, anche in italiano. Ti serve solo uno smartphone e i tuoi auricolari. La nostra rete Wi-Fi gratuita \u00e8 disponibile.<\/p>\n\n\n\n<h2 class=\"wp-block-heading\">Segui il viaggio di Ragnfrid<\/h2>\n\n\n\n<p>Una delle esperienze pi\u00f9 apprezzate del museo \u00e8 il percorso scenografico Ragnfrids saga. Viaggia attraverso l\u2019Europa del X secolo e segui Harald nel suo viaggio verso un mondo pi\u00f9 vasto e sconosciuto, dove commercio e incursioni lo attendono. \u00c8 una storia di famiglia, coraggio, dolore e amore, ispirata a eventi storici.<\/p>\n\n\n\n<h2 class=\"wp-block-heading\">Scopri la vita quotidiana, i viaggi e la mitologia dell\u2019epoca vichinga<\/h2>\n\n\n\n<p>Entra nel mondo dei Vichinghi. Attraverso filmati, paesaggi immersivi, oggetti autentici e ambienti scenografici ricostruiti, una delle epoche pi\u00f9 affascinanti della Scandinavia prende vita.<br>&nbsp;Scoprirai:<br>&nbsp;\u2013 Viaggi e commerci lungo i fiumi e le coste d\u2019Europa<br>&nbsp;\u2013 Struttura sociale e vita familiare<br>&nbsp;\u2013 Artigianato e tradizioni<br>&nbsp;\u2013 Credenze, mitologia e visione del mondo<\/p>\n\n\n\n<h2 class=\"wp-block-heading\">Benvenuti nel negozio del museo<\/h2>\n\n\n\n<p>Il nostro negozio \u00e8 un vero scrigno di tesori. Qui troverai artigianato e accessori scandinavi, oltre a souvenir e regali unici. Offriamo un\u2019ampia selezione di prodotti ispirati ai Vichinghi, come t\u00e8, marmellate, liquirizia islandese, gioielli, corni per bere ed elmi vichinghi storicamente accurati. Naturalmente sono disponibili anche libri per adulti e bambini su diversi temi e aspetti dell\u2019epoca vichinga.<\/p>\n\n\n\n<h2 class=\"wp-block-heading\">Ristorante Eld \u2013 un\u2019esperienza gastronomica nordica<\/h2>\n\n\n\n<p>Benvenuti al Ristorante Eld, dove ingredienti e stagioni guidano ogni scelta. Gusta piatti preparati da zero nella nostra cucina con ingredienti locali e nordici.<br>Il nostro men\u00f9 cambia in base agli ingredienti stagionali e nella nostra attivit\u00e0 teniamo conto della sostenibilit\u00e0. Lavoriamo a stretto contatto con i nostri fornitori e lasciamo che disponibilit\u00e0, qualit\u00e0 e sapore guidino ogni piatto. Il cibo \u00e8 pensato per nutrire, emozionare e raccontare una storia.<\/p>\n\n\n\n<h2 class=\"wp-block-heading\">Pianifica la tua visita<\/h2>\n\n\n\n<p><strong>The Viking Museum a Djurg\u00e5rden offre la possibilit\u00e0 di vivere l\u2019epoca vichinga<\/strong> in modo moderno e coinvolgente \u2013 per turisti internazionali, famiglie con bambini, gruppi scolastici e residenti di Stoccolma.<br><\/p>\n\n\n\n<p>Pianifica la tua visita e partecipa a un\u2019esperienza in cui l\u2019autenticit\u00e0 storica incontra la narrazione contemporanea, nel cuore di Stoccolma.<\/p>\n\n\n\n<div class=\"wp-block-buttons is-layout-flex wp-block-buttons-is-layout-flex\">\n<div class=\"wp-block-button\"><a class=\"wp-block-button__link wp-element-button\" href=\"https:\/\/thevikingmuseum.com\/en\/buy-tickets\/\" target=\"_blank\" rel=\"noreferrer noopener\">Compra i biglietti<\/a><\/div>\n<\/div>\n\n\n\n<div style=\"height:25px\" aria-hidden=\"true\" class=\"wp-block-spacer\"><\/div>\n\n\n\n<p><a href=\"https:\/\/thevikingmuseum.com\/en\/\" data-type=\"link\" data-id=\"https:\/\/thevikingmuseum.com\/en\/\" target=\"_blank\" rel=\"noreferrer noopener\">For further information please visit the English version of our website<\/a><\/p>\n","protected":false},"excerpt":{"rendered":"<p>Scopri l\u2019epoca vichinga in nuovi modi. Nella splendida Djurg\u00e5rden, nel cuore di Stoccolma, si trova The Viking Museum \u2013 un museo interattivo dove storia, miti e archeologia si incontrano in un ambiente vivo e coinvolgente. Un museo vichingo per tutte le et\u00e0 Chi erano davvero i Vichinghi? Erano solo guerrieri e saccheggiatori, come spesso li [&hellip;]<\/p>\n","protected":false},"author":1,"featured_media":2617,"parent":0,"menu_order":0,"comment_status":"closed","ping_status":"closed","template":"sub-page.php","meta":{"_acf_changed":false,"footnotes":""},"class_list":["post-2604","page","type-page","status-publish","has-post-thumbnail","hentry"],"acf":[],"_links":{"self":[{"href":"https:\/\/thevikingmuseum.com\/it\/wp-json\/wp\/v2\/pages\/2604","targetHints":{"allow":["GET"]}}],"collection":[{"href":"https:\/\/thevikingmuseum.com\/it\/wp-json\/wp\/v2\/pages"}],"about":[{"href":"https:\/\/thevikingmuseum.com\/it\/wp-json\/wp\/v2\/types\/page"}],"author":[{"embeddable":true,"href":"https:\/\/thevikingmuseum.com\/it\/wp-json\/wp\/v2\/users\/1"}],"replies":[{"embeddable":true,"href":"https:\/\/thevikingmuseum.com\/it\/wp-json\/wp\/v2\/comments?post=2604"}],"version-history":[{"count":5,"href":"https:\/\/thevikingmuseum.com\/it\/wp-json\/wp\/v2\/pages\/2604\/revisions"}],"predecessor-version":[{"id":5053,"href":"https:\/\/thevikingmuseum.com\/it\/wp-json\/wp\/v2\/pages\/2604\/revisions\/5053"}],"wp:featuredmedia":[{"embeddable":true,"href":"https:\/\/thevikingmuseum.com\/it\/wp-json\/wp\/v2\/media\/2617"}],"wp:attachment":[{"href":"https:\/\/thevikingmuseum.com\/it\/wp-json\/wp\/v2\/media?parent=2604"}],"curies":[{"name":"wp","href":"https:\/\/api.w.org\/{rel}","templated":true}]}}