

{"id":2607,"date":"2025-04-28T17:50:54","date_gmt":"2025-04-28T15:50:54","guid":{"rendered":"https:\/\/thevikingmuseum.com\/?page_id=2607"},"modified":"2025-09-02T13:24:32","modified_gmt":"2025-09-02T11:24:32","slug":"witamy-w-muzeum-wikingow","status":"publish","type":"page","link":"https:\/\/thevikingmuseum.com\/pl\/witamy-w-muzeum-wikingow\/","title":{"rendered":"Prze\u017cyj epok\u0119 wiking\u00f3w w The Viking Museum"},"content":{"rendered":"\n<p>Epoka wiking\u00f3w \u2013 czas odkry\u0107, wypraw handlowych, bitew i mit\u00f3w. Okres, w kt\u00f3rym smocze \u0142odzie przemierza\u0142y otwarte morza, za\u0142adowane towarami, marzeniami i odwag\u0105. Szlaki handlowe rozci\u0105ga\u0142y si\u0119 na ca\u0142e kontynenty, a kultury spotyka\u0142y si\u0119 w handlu i konflikcie. Opowie\u015bci o bogach, bohaterach i przeznaczeniu snuto przy ogniu w d\u0142ugich domach \u2013 i to w\u0142a\u015bnie wtedy narodzi\u0142 si\u0119 mit wikinga, kt\u00f3ry przetrwa\u0142 do dzi\u015b.<\/p>\n\n\n\n<p>W The Viking Museum ten \u015bwiat o\u017cywa. Czeka tu na Ciebie wyj\u0105tkowe do\u015bwiadczenie dla ca\u0142ej rodziny \u2013 oprowadzanie z przewodnikiem, emocjonuj\u0105ca przygoda oraz nordyckie smaki w restauracji Eld. Przenie\u015b si\u0119 do najbardziej legendarnego okresu historii Skandynawii.<\/p>\n\n\n\n<h2 class=\"wp-block-heading\">Interaktywne wystawy<\/h2>\n\n\n\n<p>Wystawy muzealne prezentuj\u0105 autentyczne przedmioty i repliki, odtworzone scenerie, filmy, d\u017awi\u0119ki oraz interaktywne stanowiska, dzi\u0119ki kt\u00f3rym zar\u00f3wno dzieci, jak i doro\u015bli mog\u0105 pozna\u0107 \u017cycie, wierzenia, handel i podr\u00f3\u017ce wiking\u00f3w.<\/p>\n\n\n\n<h2 class=\"wp-block-heading\">Zwiedzanie z przewodnikiem w stroju wikinga<\/h2>\n\n\n\n<p>Co godzin\u0119 odbywaj\u0105 si\u0119 oprowadzania z naszymi wykwalifikowanymi przewodnikami ubranymi w stroje wiking\u00f3w. Opowiadaj\u0105 oni o codziennym \u017cyciu, podr\u00f3\u017cach, przygodach i wierzeniach wiking\u00f3w. Wycieczki prowadzone s\u0105 w j\u0119zyku szwedzkim i angielskim i s\u0105 wliczone w cen\u0119 biletu.<\/p>\n\n\n\n<h2 class=\"wp-block-heading\">Saga o Ragnfrid \u2013 niezapomniana przygoda z czas\u00f3w wiking\u00f3w<\/h2>\n\n\n\n<p>We\u017a udzia\u0142 w dramatycznej i pouczaj\u0105cej podr\u00f3\u017cy po Europie X wieku. Przez jedena\u015bcie minut b\u0119dziesz towarzyszy\u0107 Ragnfrid i jej rodzinie w podr\u00f3\u017cy, kt\u00f3ra pokazuje handel, walki i \u017cycie na farmie. Przeja\u017cd\u017cka dost\u0119pna jest w dziewi\u0119ciu j\u0119zykach.<\/p>\n\n\n\n<h2 class=\"wp-block-heading\">Sklep muzealny \u2013 zabierz epok\u0119 wiking\u00f3w do domu<\/h2>\n\n\n\n<p>W sklepie muzealnym znajdziesz bi\u017cuteri\u0119, lokalne r\u0119kodzie\u0142o, ksi\u0105\u017cki, zabawki oraz unikalne prezenty inspirowane wikingami \u2013 dla dzieci i doros\u0142ych.<\/p>\n\n\n\n<h2 class=\"wp-block-heading\">Restauracja Eld \u2013 smaki P\u00f3\u0142nocy<\/h2>\n\n\n\n<p>Skosztuj da\u0144 przygotowanych od podstaw z lokalnych i nordyckich sk\u0142adnik\u00f3w, spr\u00f3buj klasycznego szwedzkiego \u201efika\u201d albo zrelaksuj si\u0119 przy drinku, podziwiaj\u0105c zapieraj\u0105cy dech w piersiach widok na wody Sztokholmu. Dla ch\u0119tnych oferujemy r\u00f3wnie\u017c popularne degustacje miodu pitnego \u2013 \u015bwi\u0105tecznego trunku wiking\u00f3w.<\/p>\n\n\n\n<h2 class=\"wp-block-heading\">Audioprzewodnik w 10 j\u0119zykach<\/h2>\n\n\n\n<p>Odkrywaj wystaw\u0119 we w\u0142asnym tempie dzi\u0119ki darmowemu audioprzewodnikowi, kt\u00f3ry dost\u0119pny jest w dziesi\u0119ciu j\u0119zykach bezpo\u015brednio w telefonie. Wystarczy telefon i w\u0142asne s\u0142uchawki. Bezp\u0142atne Wi-Fi jest dost\u0119pne na miejscu.<\/p>\n\n\n\n<h2 class=\"wp-block-heading\">Wszystko wliczone w cen\u0119 biletu<\/h2>\n\n\n\n<p>Zwiedzanie z przewodnikiem, saga o Ragnfrid, audioprzewodnik i ca\u0142a wystawa \u2013 wszystko to zawarte jest w cenie biletu.<\/p>\n\n\n\n<h2 class=\"wp-block-heading\">Jak do nas dotrze\u0107 \u2013 \u0142atwo i wygodnie<\/h2>\n\n\n\n<p>The Viking Museum znajduje si\u0119 na wyspie Djurg\u00e5rden, w samym sercu Sztokholmu, obok Muzeum Vasa i Skansenu. Mo\u017cna do nas \u0142atwo dotrze\u0107 tramwajem, autobusem, promem lub pi\u0119knym spacerem z centrum miasta.<\/p>\n\n\n\n<div class=\"wp-block-buttons is-layout-flex wp-block-buttons-is-layout-flex\">\n<div class=\"wp-block-button\"><a class=\"wp-block-button__link wp-element-button\" href=\"https:\/\/thevikingmuseum.com\/en\/buy-tickets\/\" target=\"_blank\" rel=\"noreferrer noopener\">Buy tickets<\/a><\/div>\n<\/div>\n\n\n\n<div style=\"height:25px\" aria-hidden=\"true\" class=\"wp-block-spacer\"><\/div>\n\n\n\n<p><a href=\"https:\/\/thevikingmuseum.com\/en\/\" data-type=\"link\" data-id=\"https:\/\/thevikingmuseum.com\/en\/\" target=\"_blank\" rel=\"noreferrer noopener\">For further information please visit the English version of our website<\/a><\/p>\n","protected":false},"excerpt":{"rendered":"<p>Epoka wiking\u00f3w \u2013 czas odkry\u0107, wypraw handlowych, bitew i mit\u00f3w. Okres, w kt\u00f3rym smocze \u0142odzie przemierza\u0142y otwarte morza, za\u0142adowane towarami, marzeniami i odwag\u0105. Szlaki handlowe rozci\u0105ga\u0142y si\u0119 na ca\u0142e kontynenty, a kultury spotyka\u0142y si\u0119 w handlu i konflikcie. Opowie\u015bci o bogach, bohaterach i przeznaczeniu snuto przy ogniu w d\u0142ugich domach \u2013 i to w\u0142a\u015bnie wtedy [&hellip;]<\/p>\n","protected":false},"author":1,"featured_media":2618,"parent":0,"menu_order":0,"comment_status":"closed","ping_status":"closed","template":"sub-page.php","meta":{"_acf_changed":false,"footnotes":""},"class_list":["post-2607","page","type-page","status-publish","has-post-thumbnail","hentry"],"acf":[],"_links":{"self":[{"href":"https:\/\/thevikingmuseum.com\/pl\/wp-json\/wp\/v2\/pages\/2607","targetHints":{"allow":["GET"]}}],"collection":[{"href":"https:\/\/thevikingmuseum.com\/pl\/wp-json\/wp\/v2\/pages"}],"about":[{"href":"https:\/\/thevikingmuseum.com\/pl\/wp-json\/wp\/v2\/types\/page"}],"author":[{"embeddable":true,"href":"https:\/\/thevikingmuseum.com\/pl\/wp-json\/wp\/v2\/users\/1"}],"replies":[{"embeddable":true,"href":"https:\/\/thevikingmuseum.com\/pl\/wp-json\/wp\/v2\/comments?post=2607"}],"version-history":[{"count":5,"href":"https:\/\/thevikingmuseum.com\/pl\/wp-json\/wp\/v2\/pages\/2607\/revisions"}],"predecessor-version":[{"id":3742,"href":"https:\/\/thevikingmuseum.com\/pl\/wp-json\/wp\/v2\/pages\/2607\/revisions\/3742"}],"wp:featuredmedia":[{"embeddable":true,"href":"https:\/\/thevikingmuseum.com\/pl\/wp-json\/wp\/v2\/media\/2618"}],"wp:attachment":[{"href":"https:\/\/thevikingmuseum.com\/pl\/wp-json\/wp\/v2\/media?parent=2607"}],"curies":[{"name":"wp","href":"https:\/\/api.w.org\/{rel}","templated":true}]}}